{"id":17833,"date":"2019-11-05T01:29:42","date_gmt":"2019-11-05T01:29:42","guid":{"rendered":"https:\/\/voice-interaction.com\/tmp-web\/?page_id=17833"},"modified":"2019-11-07T15:06:53","modified_gmt":"2019-11-07T15:06:53","slug":"projeto-quickspeech","status":"publish","type":"page","link":"https:\/\/voice-interaction.com\/tmp-web\/pt\/empresa\/projeto-quickspeech\/","title":{"rendered":"Projeto QuickSpeech"},"content":{"rendered":"<section class=\"sh-section sh-section-f65dca4615067ae5fad0cd14d5693ac4 fw-main-row sh-section-visibility-everywhere\">\n\t\n\t\n\t<div class=\"sh-section-container container\">\n\t\t<div class=\"fw-row\">\n\t\n<div class=\"sh-column sh-column-7c0141d8565b26eba579c5031c7511df fw-col-xs-12 sh-column-mobile-padding\" >\n\n\t\n\t<div class=\"sh-column-wrapper\">\n\t\t\n<div class=\"sh-heading  \" id=\"heading-2f988a899d4f33bc445370f207627181\">\n\t<div class=\"sh-element-margin\">\n\n\t\t\n\t\t\t<h1 class=\"sh-heading-content size-default text-left\">\n\t\t\t\tPROJETO QUICKSPEECH\t\t\t<\/h1>\n\n\t\t\n\t<\/div>\n<\/div>\n\n<div class=\"sh-heading  \" id=\"heading-89f2ea17a8a4291ed474a81de3a9fa6f\">\n\t<div class=\"sh-element-margin\">\n\n\t\t\n\t\t\t<h2 class=\"sh-heading-content size-default text-left\">\n\t\t\t\tInvestigar e desenvolver novas t\u00e9cnicas que tornem o processamento dos modelos de fala\/voz mais r\u00e1pido e eficiente\t\t\t<\/h2>\n\n\t\t\n\t<\/div>\n<\/div>\n\t<\/div>\n\n\n\t\t\n\n<\/div>\n<\/div>\n\n\t<\/div>\n<\/section>\n\n<section class=\"sh-section sh-section-1c97082d2d6cfba06db81526611016fc fw-main-row sh-section-visibility-everywhere\">\n\t\n\t\n\t<div class=\"sh-section-container container\">\n\t\t<div class=\"fw-row\">\n\t\n<div class=\"sh-column sh-column-38b3e4b5e1668044bd1d495aaee4b935 fw-col-xs-12\" >\n\n\t\n\t<div class=\"sh-column-wrapper\">\n\t\t\n<div id=\"text-block-30014dc955c9eb071257afcfff8c56e3\" class=\"sh-text-block\">\n\t<p><span style=\"font-size: 18px;\">O projeto <strong>QuickSpeech<\/strong> visa criar um novo n\u00facleo de investiga\u00e7\u00e3o dentro da VoiceInteraction que ter\u00e1 como objetivo<strong> investigar e desenvolver novos modelos, algoritmos e\/ou arquiteturas de software que tornem o processamento dos seus modelos de fala\/voz mais r\u00e1pido e eficiente.<\/strong><\/span><\/p><p>Trata-se de um n\u00facleo que ir\u00e1 suportar os processos base que operam na raiz das tecnologias que a VoiceInteraction utiliza nas suas solu\u00e7\u00f5es e, portanto, representa uma <strong>importante aposta estrat\u00e9gica para a mesma.<\/strong><\/p><\/div>\n\t<\/div>\n\n\n\t\t\n\n<\/div>\n<\/div>\n\n<div class=\"fw-row\">\n\t\n<div class=\"sh-column sh-column-38b3e4b5e1668044bd1d495aaee4b935 fw-col-xs-12\" >\n\n\t\n\t<div class=\"sh-column-wrapper\">\n\t\t\n<div class=\"sh-empty-space\" id=\"empty-space-f045d62a35b34a0b8b30a399a7da217f\"><\/div>\n\t<\/div>\n\n\n\t\t\n\n<\/div>\n<\/div>\n\n<div class=\"fw-row\">\n\t\n<div class=\"sh-column sh-column-def0060cc30a33bd7c208cec80b53b84 fw-col-xs-12\" >\n\n\t\n\t<div class=\"sh-column-wrapper\">\n\t\t\n<div class=\"sh-heading  \" id=\"heading-d72e48399314f0cd0632b874d1533b41\">\n\t<div class=\"sh-element-margin\">\n\n\t\t\n\t\t\t<h3 class=\"sh-heading-content size-default text-left\">\n\t\t\t\tEm fun\u00e7\u00e3o desta necessidade, a VoiceInteraction prop\u00f5e-se a conceber um n\u00facleo de investiga\u00e7\u00e3o que ter\u00e1 como objetivo investigar e testar:\t\t\t<\/h3>\n\n\t\t\n\t<\/div>\n<\/div>\n\n<div id=\"text-block-631726a12b06b373b1f5b0904905ee3b\" class=\"sh-text-block\">\n\t<p>&nbsp;<\/p><ul><li><span style=\"font-size: 18px;\"><strong>Novos algoritmos de distribui\u00e7\u00e3o<\/strong> e processamento paralelo de dados via software;<\/span><\/li><li><span style=\"font-size: 18px;\">Novos algoritmos de distribui\u00e7\u00e3o e processamento de dados recorrendo \u00e0 <strong>paraleliza\u00e7\u00e3o de GPUs<\/strong> (graphic processing units), <strong>FPGAs<\/strong> (Field-Programmable Gate Arrays) ou <strong>ASICs<\/strong> (Application Specific Integrated Circuits);<\/span><\/li><li><span style=\"font-size: 18px;\">M\u00e9todos para tornar os <strong>modelos desenvolvidos agn\u00f3sticos ao hardware<\/strong> (isto \u00e9, integr\u00e1vel com qualquer tipo de hardware de processamento de dados - novas tecnologias GPU, FPGAs, ASICs, novo hardware de processamento, novas arquiteturas para distribui\u00e7\u00e3o paralela de dados, etc.);<\/span><\/li><li><span style=\"font-size: 18px;\">M\u00e9todos para tornar os <strong>modelos desenvolvidos agn\u00f3sticos \u00e0 tecnologia base<\/strong> (isto \u00e9, poder\u00e3o ser aplicados para tornar mais eficiente o processamento de algoritmos de Deep Learning, Redes Neuronais, Machine Learning, ou qualquer outro tipo de algoritmos que exija elevada carga de processamento d<\/span>e dados)<\/li><\/ul><\/div>\n\n<div class=\"sh-empty-space\" id=\"empty-space-ccb4a91dcf765602826b1df63963814e\"><\/div>\n\n<div id=\"divider-e8810e4e596d28457a86e13c72ed6d1b\" class=\"sh-divider sh-divider-center sh-divider-content-none\">\n\t\t\t<div class=\"sh-divider-line\"><\/div>\n\t<\/div>\n\n<div id=\"text-group-decee5f641dc65456d7bd267d4d60e76\" class=\"sh-text-group\">\n\n\t\t\t\t\t\t<div class=\"row\">\n\t\t\t\t<div class=\"col-md-6\">\n\t\t\t\t\t<h3><span style=\"color: #ff9900;\">Idealmente, pretende-se que as a\u00e7\u00f5es levadas a cabo por este n\u00facleo de investiga\u00e7\u00e3o culminem no desenvolvimento de um middleware de software que seja capaz de<\/span>:<\/h3><ul><li><span style=\"font-size: 18px;\"><strong>Identificar<\/strong> os <strong>recursos de processamento<\/strong> hardware dispon\u00edveis;<\/span><\/li><li><span style=\"font-size: 18px;\"><strong>Interpretar<\/strong> os <strong>algoritmos de processamento<\/strong> de fala que ir\u00e1 processar;<\/span><\/li><li><span style=\"font-size: 18px;\"><strong>Depreender<\/strong> quais as<strong> a\u00e7\u00f5es de processamento<\/strong> desse algoritmo;<\/span><\/li><li><span style=\"font-size: 18px;\"><strong>Distribuir<\/strong> as a\u00e7\u00f5es de processamento pelos v\u00e1rios hardwares dispon\u00edveis.<\/span><\/li><\/ul><p>&nbsp;<\/p><p>&nbsp;<\/p>\t\t\t\t<\/div>\n\t\t\t\t<div class=\"col-md-6\">\n\t\t\t\t\t<p><span style=\"font-size: 18px;\">A forma\u00e7\u00e3o do N\u00facleo proposto \u00e9 uma aposta estrat\u00e9gica da empresa para conseguir garantir que os seus <strong>algoritmos de processamento de voz mantenham a efic\u00e1cia e a rapidez de execu\u00e7\u00e3o tanto no presente<\/strong>, como no futuro.<\/span><\/p><p><span style=\"font-size: 18px;\"> Isto porque se espera que as fontes de dados venham a albergar um cada vez maior n\u00famero de dados e que os <strong>algoritmos de processamento e as tecnologias venham a exigir cada vez mais recursos de processamento.<\/strong><\/span><\/p><p><span style=\"font-size: 18px;\">Permite tamb\u00e9m que a VoiceInteraction possa desenvolver novas solu\u00e7\u00f5es baseadas em <strong>algoritmos de processamento de voz mais inteligentes que podem ser integradas em novas \u00e1reas e novos mercados.<\/strong><\/span><\/p>\t\t\t\t<\/div>\n\t\t\t<\/div>\n\t\t\t\n<\/div>\n\t<\/div>\n\n\n\t\t\n\n<\/div>\n<\/div>\n\n\t<\/div>\n<\/section>\n\n<section class=\"sh-section sh-section-e3e77858704edf4f35a3b4be1018ea27 fw-main-row sh-section-visibility-everywhere\">\n\t\n\t\n\t<div class=\"sh-section-container container\">\n\t\t<div class=\"fw-row\">\n\t\n<div class=\"sh-column sh-column-d2db29ae48c92427186f7a511b6002be fw-col-xs-12 fw-col-sm-15\" >\n\n\t\n\t<div class=\"sh-column-wrapper\">\n\t\t\n<div class=\"sh-heading  \" id=\"heading-e2ce3cf64d4a72ba205795d98af668f7\">\n\t<div class=\"sh-element-margin\">\n\n\t\t\n\t\t\t<h3 class=\"sh-heading-content size-default text-center\">\n\t\t\t\tAPOIOS\t\t\t<\/h3>\n\n\t\t\n\t<\/div>\n<\/div>\n\t<\/div>\n\n\n\t\t\n\n<\/div>\n\n<div class=\"sh-column sh-column-71e3aefc1bf58a359975a59360a08d5c fw-col-xs-12 fw-col-sm-9\" >\n\n\t\n\t<div class=\"sh-column-wrapper\">\n\t\t\n\n\n\n<div id=\"image-gallery-e3d91d05c8e81a6c4cbc2de1538ce24d\" class=\"sh-image-gallery sh-image-gallery-container sh-image-gallery-dots1\"  data-columns=\"3\">\n\t\t\t<div class=\"sh-image-gallery-item\">\n\t\t\t<div class=\"sh-gallery-item\">\n\t\t\t\t<div class=\"post-meta-thumb\">\n\n\t\t\t\t\t\t\t\t\t\t\t<img decoding=\"async\" src=\"https:\/\/voice-interaction.com\/tmp-web\/wp-content\/uploads\/2019\/08\/Lisboa-2020.png\" alt=\"Lisboa 2020\" \/>\n\t\t\t\t\t\n\t\t\t\t\t\t\t\t\t\t\t\n        <div class=\"sh-overlay-style1\">\n            <div class=\"sh-table-full\">\n                \n                                    <a href=\"https:\/\/voice-interaction.com\/tmp-web\/wp-content\/uploads\/2019\/08\/Lisboa-2020.png\" class=\"sh-overlay-item sh-table-cell\" data-rel=\"lightcase:imgCollectione3d91d05c8e81a6c4cbc2de1538ce24d\">\n                        <div class=\"sh-overlay-item-container\">\n                            <i class=\"icon-magnifier-add\"><\/i>\n                        <\/div>\n                    <\/a>\n                            <\/div>\n        <\/div>\n\n    \t\t\t\t\t\t\t\t\t<\/div>\n\t\t\t<\/div>\n\t\t<\/div>\n\t\t\t<div class=\"sh-image-gallery-item\">\n\t\t\t<div class=\"sh-gallery-item\">\n\t\t\t\t<div class=\"post-meta-thumb\">\n\n\t\t\t\t\t\t\t\t\t\t\t<img decoding=\"async\" src=\"https:\/\/voice-interaction.com\/tmp-web\/wp-content\/uploads\/2019\/08\/portugal2020@2x.png\" alt=\"portugal2020@2x\" \/>\n\t\t\t\t\t\n\t\t\t\t\t\t\t\t\t\t\t\n        <div class=\"sh-overlay-style1\">\n            <div class=\"sh-table-full\">\n                \n                                    <a href=\"https:\/\/voice-interaction.com\/tmp-web\/wp-content\/uploads\/2019\/08\/portugal2020@2x.png\" class=\"sh-overlay-item sh-table-cell\" data-rel=\"lightcase:imgCollectione3d91d05c8e81a6c4cbc2de1538ce24d\">\n                        <div class=\"sh-overlay-item-container\">\n                            <i class=\"icon-magnifier-add\"><\/i>\n                        <\/div>\n                    <\/a>\n                            <\/div>\n        <\/div>\n\n    \t\t\t\t\t\t\t\t\t<\/div>\n\t\t\t<\/div>\n\t\t<\/div>\n\t\t\t<div class=\"sh-image-gallery-item\">\n\t\t\t<div class=\"sh-gallery-item\">\n\t\t\t\t<div class=\"post-meta-thumb\">\n\n\t\t\t\t\t\t\t\t\t\t\t<img decoding=\"async\" src=\"https:\/\/voice-interaction.com\/tmp-web\/wp-content\/uploads\/2019\/08\/FEDER-logo.png\" alt=\"FEDER logo\" \/>\n\t\t\t\t\t\n\t\t\t\t\t\t\t\t\t\t\t\n        <div class=\"sh-overlay-style1\">\n            <div class=\"sh-table-full\">\n                \n                                    <a href=\"https:\/\/voice-interaction.com\/tmp-web\/wp-content\/uploads\/2019\/08\/FEDER-logo.png\" class=\"sh-overlay-item sh-table-cell\" data-rel=\"lightcase:imgCollectione3d91d05c8e81a6c4cbc2de1538ce24d\">\n                        <div class=\"sh-overlay-item-container\">\n                            <i class=\"icon-magnifier-add\"><\/i>\n                        <\/div>\n                    <\/a>\n                            <\/div>\n        <\/div>\n\n    \t\t\t\t\t\t\t\t\t<\/div>\n\t\t\t<\/div>\n\t\t<\/div>\n\t<\/div>\n\n<div id=\"text-block-17c9e6cb0456d7277d5891b12f34c800\" class=\"sh-text-block\">\n\t<p><strong>Designa\u00e7\u00e3o do projeto:<\/strong> QuickSpeech<\/p><p><strong>C\u00f3digo do projeto: <\/strong>LISBOA-01-0247-FEDER-042679<\/p><p><strong>Objetivo Principal: <\/strong>Refor\u00e7ar a investiga\u00e7\u00e3o, o desenvolvimento tecnol\u00f3gico e a inova\u00e7\u00e3o<\/p><p><strong>Regi\u00e3o de interven\u00e7\u00e3o: <\/strong>Lisboa<\/p><p><strong>Entidade benefici\u00e1ria: <\/strong>VOICEINTERACTION - TECNOLOGIAS DE PROCESSAMENTO DA FALA S.A.<\/p><p><strong>Data de aprova\u00e7\u00e3o: <\/strong>28-03-2019<\/p><p><strong>Data de in\u00edcio: <\/strong>01-02-2019<\/p><p><strong>Data de conclus\u00e3o: <\/strong>31-01-2021<\/p><p><strong>Custo total eleg\u00edvel: <\/strong>263.471,87\u20ac (duzentos e sessenta e tr\u00eas mil, quatrocentos e setenta e um euros e oitenta e sete c\u00eantimos)<\/p><p>&nbsp;<\/p><p><strong>Apoio Financeiro da Uni\u00e3o Europeia:<\/strong><\/p><p><strong>FEDER - <\/strong>105.388,75 \u20ac (cento e cinco mil, trezentos e oitenta e oito euros e setenta e cinco c\u00eantimos)<\/p><\/div>\n\t<\/div>\n\n\n\t\t\n\n<\/div>\n<\/div>\n\n\t<\/div>\n<\/section>\n","protected":false},"excerpt":{"rendered":"<p>PROJETO QUICKSPEECH Investigar e desenvolver novas t\u00e9cnicas que tornem o processamento dos modelos de fala\/voz mais&#8230;<\/p>\n","protected":false},"author":9,"featured_media":0,"parent":10672,"menu_order":0,"comment_status":"closed","ping_status":"closed","template":"","meta":{"_links_to":"","_links_to_target":"","footnotes":""},"class_list":["post-17833","page","type-page","status-publish","hentry"],"_links":{"self":[{"href":"https:\/\/voice-interaction.com\/tmp-web\/pt\/wp-json\/wp\/v2\/pages\/17833","targetHints":{"allow":["GET"]}}],"collection":[{"href":"https:\/\/voice-interaction.com\/tmp-web\/pt\/wp-json\/wp\/v2\/pages"}],"about":[{"href":"https:\/\/voice-interaction.com\/tmp-web\/pt\/wp-json\/wp\/v2\/types\/page"}],"author":[{"embeddable":true,"href":"https:\/\/voice-interaction.com\/tmp-web\/pt\/wp-json\/wp\/v2\/users\/9"}],"replies":[{"embeddable":true,"href":"https:\/\/voice-interaction.com\/tmp-web\/pt\/wp-json\/wp\/v2\/comments?post=17833"}],"version-history":[{"count":50,"href":"https:\/\/voice-interaction.com\/tmp-web\/pt\/wp-json\/wp\/v2\/pages\/17833\/revisions"}],"predecessor-version":[{"id":17890,"href":"https:\/\/voice-interaction.com\/tmp-web\/pt\/wp-json\/wp\/v2\/pages\/17833\/revisions\/17890"}],"up":[{"embeddable":true,"href":"https:\/\/voice-interaction.com\/tmp-web\/pt\/wp-json\/wp\/v2\/pages\/10672"}],"wp:attachment":[{"href":"https:\/\/voice-interaction.com\/tmp-web\/pt\/wp-json\/wp\/v2\/media?parent=17833"}],"curies":[{"name":"wp","href":"https:\/\/api.w.org\/{rel}","templated":true}]}}