{"id":17149,"date":"2017-04-25T16:41:11","date_gmt":"2017-04-25T16:41:11","guid":{"rendered":"https:\/\/voice-interaction.com\/tmp-web\/?page_id=17149"},"modified":"2019-08-29T13:55:45","modified_gmt":"2019-08-29T13:55:45","slug":"projeto-agatha","status":"publish","type":"page","link":"https:\/\/voice-interaction.com\/tmp-web\/pt\/empresa\/projeto-agatha\/","title":{"rendered":"Projeto Agatha"},"content":{"rendered":"<section class=\"sh-section sh-section-41f466ecbb6b4036da70929e200fd7ba fw-main-row sh-section-visibility-everywhere\">\n\t\n\t\n\t<div class=\"sh-section-container container\">\n\t\t<div class=\"fw-row\">\n\t\n<div class=\"sh-column sh-column-ba895ac954715b9a248e0ac58aa8d5a3 fw-col-xs-12\" >\n\n\t\n\t<div class=\"sh-column-wrapper\">\n\t\t\n<div class=\"sh-heading  \" id=\"heading-73709add918b2cb9c703c66a0bceb31c\">\n\t<div class=\"sh-element-margin\">\n\n\t\t\n\t\t\t<h3 class=\"sh-heading-content size-default text-center\">\n\t\t\t\tProjeto confinanciado por:\t\t\t<\/h3>\n\n\t\t\n\t<\/div>\n<\/div>\n\t<\/div>\n\n\n\t\t\n\n<\/div>\n<\/div>\n\n<div class=\"fw-row\">\n\t\n<div class=\"sh-column sh-column-ba895ac954715b9a248e0ac58aa8d5a3 fw-col-xs-12\" >\n\n\t\n\t<div class=\"sh-column-wrapper\">\n\t\t\n\n\n\n<div id=\"image-gallery-b97f152bb5a7d95c62f71af4937ada43\" class=\"sh-image-gallery sh-image-gallery-container sh-image-gallery-dots1\"  data-columns=\"4\">\n\t\t\t<div class=\"sh-image-gallery-item\">\n\t\t\t<div class=\"sh-gallery-item\">\n\t\t\t\t<div class=\"post-meta-thumb\">\n\n\t\t\t\t\t\t\t\t\t\t\t<img decoding=\"async\" src=\"https:\/\/voice-interaction.com\/tmp-web\/wp-content\/uploads\/2019\/08\/Logo_Compete2020_02_02-660x363.png\" alt=\"Logo_Compete2020_02_02\" \/>\n\t\t\t\t\t\n\t\t\t\t\t\t\t\t\t\t\t\n        <div class=\"sh-overlay-style1\">\n            <div class=\"sh-table-full\">\n                \n                                    <a href=\"https:\/\/voice-interaction.com\/tmp-web\/wp-content\/uploads\/2019\/08\/Logo_Compete2020_02_02.png\" class=\"sh-overlay-item sh-table-cell\" data-rel=\"lightcase:imgCollectionb97f152bb5a7d95c62f71af4937ada43\">\n                        <div class=\"sh-overlay-item-container\">\n                            <i class=\"icon-magnifier-add\"><\/i>\n                        <\/div>\n                    <\/a>\n                            <\/div>\n        <\/div>\n\n    \t\t\t\t\t\t\t\t\t<\/div>\n\t\t\t<\/div>\n\t\t<\/div>\n\t\t\t<div class=\"sh-image-gallery-item\">\n\t\t\t<div class=\"sh-gallery-item\">\n\t\t\t\t<div class=\"post-meta-thumb\">\n\n\t\t\t\t\t\t\t\t\t\t\t<img decoding=\"async\" src=\"https:\/\/voice-interaction.com\/tmp-web\/wp-content\/uploads\/2019\/08\/Lisboa-2020.png\" alt=\"Lisboa 2020\" \/>\n\t\t\t\t\t\n\t\t\t\t\t\t\t\t\t\t\t\n        <div class=\"sh-overlay-style1\">\n            <div class=\"sh-table-full\">\n                \n                                    <a href=\"https:\/\/voice-interaction.com\/tmp-web\/wp-content\/uploads\/2019\/08\/Lisboa-2020.png\" class=\"sh-overlay-item sh-table-cell\" data-rel=\"lightcase:imgCollectionb97f152bb5a7d95c62f71af4937ada43\">\n                        <div class=\"sh-overlay-item-container\">\n                            <i class=\"icon-magnifier-add\"><\/i>\n                        <\/div>\n                    <\/a>\n                            <\/div>\n        <\/div>\n\n    \t\t\t\t\t\t\t\t\t<\/div>\n\t\t\t<\/div>\n\t\t<\/div>\n\t\t\t<div class=\"sh-image-gallery-item\">\n\t\t\t<div class=\"sh-gallery-item\">\n\t\t\t\t<div class=\"post-meta-thumb\">\n\n\t\t\t\t\t\t\t\t\t\t\t<img decoding=\"async\" src=\"https:\/\/voice-interaction.com\/tmp-web\/wp-content\/uploads\/2019\/08\/portugal2020@2x.png\" alt=\"portugal2020@2x\" \/>\n\t\t\t\t\t\n\t\t\t\t\t\t\t\t\t\t\t\n        <div class=\"sh-overlay-style1\">\n            <div class=\"sh-table-full\">\n                \n                                    <a href=\"https:\/\/voice-interaction.com\/tmp-web\/wp-content\/uploads\/2019\/08\/portugal2020@2x.png\" class=\"sh-overlay-item sh-table-cell\" data-rel=\"lightcase:imgCollectionb97f152bb5a7d95c62f71af4937ada43\">\n                        <div class=\"sh-overlay-item-container\">\n                            <i class=\"icon-magnifier-add\"><\/i>\n                        <\/div>\n                    <\/a>\n                            <\/div>\n        <\/div>\n\n    \t\t\t\t\t\t\t\t\t<\/div>\n\t\t\t<\/div>\n\t\t<\/div>\n\t\t\t<div class=\"sh-image-gallery-item\">\n\t\t\t<div class=\"sh-gallery-item\">\n\t\t\t\t<div class=\"post-meta-thumb\">\n\n\t\t\t\t\t\t\t\t\t\t\t<img decoding=\"async\" src=\"https:\/\/voice-interaction.com\/tmp-web\/wp-content\/uploads\/2019\/08\/FEDER-logo.png\" alt=\"FEDER logo\" \/>\n\t\t\t\t\t\n\t\t\t\t\t\t\t\t\t\t\t\n        <div class=\"sh-overlay-style1\">\n            <div class=\"sh-table-full\">\n                \n                                    <a href=\"https:\/\/voice-interaction.com\/tmp-web\/wp-content\/uploads\/2019\/08\/FEDER-logo.png\" class=\"sh-overlay-item sh-table-cell\" data-rel=\"lightcase:imgCollectionb97f152bb5a7d95c62f71af4937ada43\">\n                        <div class=\"sh-overlay-item-container\">\n                            <i class=\"icon-magnifier-add\"><\/i>\n                        <\/div>\n                    <\/a>\n                            <\/div>\n        <\/div>\n\n    \t\t\t\t\t\t\t\t\t<\/div>\n\t\t\t<\/div>\n\t\t<\/div>\n\t<\/div>\n\t<\/div>\n\n\n\t\t\n\n<\/div>\n<\/div>\n\n<div class=\"fw-row\">\n\t\n<div class=\"sh-column sh-column-0eae13e911c5c9133d734b9e79ef773c fw-col-xs-12 fw-col-sm-6\" >\n\n\t\n\t<div class=\"sh-column-wrapper\">\n\t\t\n<div id=\"text-block-a81e0638e44da2b11b680c8cd2d55418\" class=\"sh-text-block\">\n\t<p><span style=\"color: #ff9900;\"><strong>Designa\u00e7\u00e3o do projeto<\/strong><\/span> | AGATHA: Sistema inteligente de an\u00e1lise em fontes de informa\u00e7\u00e3o abertas para vigil\u00e2ncia\/ controlo da criminalidade<\/p><p><strong><span style=\"color: #ff9900;\">C\u00f3digo do projeto<\/span><\/strong> | POCI-01-0247-FEDER-018022 e LISBOA-01-0247-FEDER-018022<\/p><p><span style=\"color: #ff9900;\"><strong>Objetivo principal<\/strong><\/span> | Refor\u00e7ar a Investiga\u00e7\u00e3o, o desenvolvimento tecnol\u00f3gico e a inova\u00e7\u00e3o<\/p><p><strong><span style=\"color: #ff9900;\">Regi\u00e3o de interven\u00e7\u00e3o<\/span><\/strong> | Norte, Lisboa, Alentejo<\/p><p><strong><span style=\"color: #ff9900;\">Entidade benefici\u00e1ria<\/span> <\/strong>| COMPTA - Business Solutions, S.A<br \/>Associa\u00e7\u00e3o C.C.G.\/ZGDV, Universidade de \u00c9vora, VOICEINTERACTION<\/p><\/div>\n\t<\/div>\n\n\n\t\t\n\n<\/div>\n\n<div class=\"sh-column sh-column-96792d012c8cddaaa44f81f235326d26 fw-col-xs-12 fw-col-sm-6\" >\n\n\t\n\t<div class=\"sh-column-wrapper\">\n\t\t\n<div id=\"text-block-4db7bf19b8c4bc83543c02cb2abba3ed\" class=\"sh-text-block\">\n\t<p><strong>Data de aprova\u00e7\u00e3o<\/strong> | 23-09-2016<\/p><p><strong>Data de in\u00edcio<\/strong> | 01-10-2016<\/p><p><strong>Data de conclus\u00e3o<\/strong> | 30-09-2019<\/p><p><strong>Custo total eleg\u00edvel<\/strong> | 2.354.805.42\u20ac<br \/>VOICEINTERACTION: 777.466,61\u20ac<\/p><p><strong>Apoio financeiro da Uni\u00e3o Europeia | FEDER<\/strong> - 1.386.907.35\u20ac<br \/>VOICEINTERACTION: 310.986,65\u20ac<\/p><\/div>\n\t<\/div>\n\n\n\t\t\n\n<\/div>\n<\/div>\n\n<div class=\"fw-row\">\n\t\n<div class=\"sh-column sh-column-ba895ac954715b9a248e0ac58aa8d5a3 fw-col-xs-12\" >\n\n\t\n\t<div class=\"sh-column-wrapper\">\n\t\t\n<div id=\"divider-0de0438dedb3e3472cd67b4c440bb988\" class=\"sh-divider sh-divider-center sh-divider-content-none\">\n\t\t\t<div class=\"sh-divider-line\"><\/div>\n\t<\/div>\n\t<\/div>\n\n\n\t\t\n\n<\/div>\n<\/div>\n\n<div class=\"fw-row\">\n\t\n<div class=\"sh-column sh-column-3aee0f8983a9921517204e901c715abe fw-col-xs-12 fw-col-sm-6 sh-column-mobile-padding\" >\n\n\t\n\t<div class=\"sh-column-wrapper\">\n\t\t\n<div class=\"sh-heading  \" id=\"heading-68fe42f68c68b2ce6373547f07bfadba\">\n\t<div class=\"sh-element-margin\">\n\n\t\t\n\t\t\t<h1 class=\"sh-heading-content size-default text-left\">\n\t\t\t\tSistema inteligente de an\u00e1lise de fontes de informa\u00e7\u00e3o abertas para vigil\u00e2ncia\/controlo de criminalidade\t\t\t<\/h1>\n\n\t\t\n\t<\/div>\n<\/div>\n\t<\/div>\n\n\n\t\t\n\n<\/div>\n\n<div class=\"sh-column sh-column-ac1685d16bc14f0a46b5d5fdd0e6a96e fw-col-xs-12 fw-col-sm-6 sh-column-mobile-padding\" >\n\n\t\n\t<div class=\"sh-column-wrapper\">\n\t\t\n<div class=\"sh-heading  \" id=\"heading-f3254b6d2b5de16c658bd1de40d26bed\">\n\t<div class=\"sh-element-margin\">\n\n\t\t\n\t\t\t<h3 class=\"sh-heading-content size-m text-left\">\n\t\t\t\tPARCEIRO\t\t\t<\/h3>\n\n\t\t\n\t<\/div>\n<\/div>\n\n<div id=\"text-block-42a535ea1bbf8e74b449e72078e5afe4\" class=\"sh-text-block\">\n\t<p><a href=\"https:\/\/voice-interaction.com\/tmp-web\/wp-content\/uploads\/2018\/03\/policia-judiciaria_logo.jpg\"><img loading=\"lazy\" decoding=\"async\" class=\"wp-image-14767 alignright\" src=\"https:\/\/voice-interaction.com\/tmp-web\/wp-content\/uploads\/2018\/03\/policia-judiciaria_logo.jpg\" alt=\"\" width=\"117\" height=\"152\" srcset=\"https:\/\/voice-interaction.com\/tmp-web\/wp-content\/uploads\/2018\/03\/policia-judiciaria_logo.jpg 378w, https:\/\/voice-interaction.com\/tmp-web\/wp-content\/uploads\/2018\/03\/policia-judiciaria_logo-231x300.jpg 231w\" sizes=\"auto, (max-width: 117px) 100vw, 117px\" \/><\/a>Este projeto conta com a participa\u00e7\u00e3o da Pol\u00edcia Judici\u00e1ria, atrav\u00e9s da sua unidade PJ-UTI-AESE, como utilizadora e recetora dos resultados do mesmo.<\/p><p>O sistema \u00e9 gerido por funcion\u00e1rios da PJ-UTI-AESE, aos quais agradecemos por todo o seu esfor\u00e7o, ajuda e dedica\u00e7\u00e3o constantes durante toda a fase de desenvolvimento desta plataforma.<\/p><\/div>\n\t<\/div>\n\n\n\t\t\n\n<\/div>\n<\/div>\n\n\t<\/div>\n<\/section>\n\n<section class=\"sh-section sh-section-f611b20b82106df945258abf0f49b14a fw-main-row sh-section-visibility-everywhere\">\n\t\n\t\n\t<div class=\"sh-section-container container\">\n\t\t<div class=\"fw-row\">\n\t\n<div class=\"sh-column sh-column-12a6246b9be433a1fdeaae3445f7b475 fw-col-xs-12\" >\n\n\t\n\t<div class=\"sh-column-wrapper\">\n\t\t\n<div id=\"text-block-fce9ad8f214e6c1ca8ef557d58db9b13\" class=\"sh-text-block\">\n\t<p style=\"text-align: center;\"><strong>Plataforma dirigida \u00e0s pol\u00edcias de investiga\u00e7\u00e3o criminal e servi\u00e7os de intelig\u00eancia, facilitadora na recolha de ind\u00edcios de pr\u00e1ticas criminosas ao utilizar a informa\u00e7\u00e3o dispon\u00edvel em fontes abertas, analisando-as automaticamente. Consideram-se fontes de informa\u00e7\u00e3o: as redes sociais, f\u00f3runs, imagens, informa\u00e7\u00e3o da blogosfera e demais fontes de informa\u00e7\u00e3o presentes na web, incluindo fontes de \u00e1udio e v\u00eddeo.<\/strong><\/p><\/div>\n\n<div class=\"sh-heading  \" id=\"heading-2c8251d287382a785bd3e5bf2b630a5b\">\n\t<div class=\"sh-element-margin\">\n\n\t\t\n\t\t\t<h3 class=\"sh-heading-content size-default text-center\">\n\t\t\t\tM\u00f3dulos do Sistema\t\t\t<\/h3>\n\n\t\t\n\t<\/div>\n<\/div>\n\n<ul class=\"sh-list sh-list-style1\" id=\"list-e713892ade994dba6034fe2af13976bd\">\n\t\t\t<li class=\"sh-list-item\">\n\t\t\t<span class=\"sh-list-icon\">\n\t\t\t\t<i class=\"ti-agenda\"><\/i>\n\t\t\t<\/span>\n\t\t\tAquisi\u00e7\u00e3o de dados: recolha de informa\u00e7\u00e3o a partir de fontes abertas, atrav\u00e9s de algoritmos de crawling, data mining e ferramentas de ETL\t\t<\/li>\n\t\t\t<li class=\"sh-list-item\">\n\t\t\t<span class=\"sh-list-icon\">\n\t\t\t\t<i class=\"ti-agenda\"><\/i>\n\t\t\t<\/span>\n\t\t\tAn\u00e1lise de v\u00eddeo e imagem: extra\u00e7\u00e3o de caracter\u00edsticas de ficheiros de v\u00eddeo, a delimita\u00e7\u00e3o autom\u00e1tica de momentos e cenas, dete\u00e7\u00e3o de padr\u00f5es e respetiva segmenta\u00e7\u00e3o\t\t<\/li>\n\t\t\t<li class=\"sh-list-item\">\n\t\t\t<span class=\"sh-list-icon\">\n\t\t\t\t<i class=\"ti-agenda\"><\/i>\n\t\t\t<\/span>\n\t\t\tAn\u00e1lise de \u00e1udio e voz: desenvolvimento de tecnologias com capacidade de obter, automaticamente, informa\u00e7\u00f5es a partir de fontes de dados de \u00e1udio recolhidas pelo m\u00f3dulo de aquisi\u00e7\u00e3o de dados\t\t<\/li>\n\t\t\t<li class=\"sh-list-item\">\n\t\t\t<span class=\"sh-list-icon\">\n\t\t\t\t<i class=\"ti-agenda\"><\/i>\n\t\t\t<\/span>\n\t\t\tAn\u00e1lise biom\u00e9trica: desenvolvimento de tecnologias para reconhecimento facial com foco especial para utiliza\u00e7\u00e3o forense. Ser\u00e1 tamb\u00e9m explorada a biometria de voz. Conjugados os 2 classificadores (identifica\u00e7\u00e3o de rosto e de voz) o erro inerente a cada uma das t\u00e9cnicas de identifica\u00e7\u00e3o \u00e9 minimizado;\t\t<\/li>\n\t\t\t<li class=\"sh-list-item\">\n\t\t\t<span class=\"sh-list-icon\">\n\t\t\t\t<i class=\"ti-agenda\"><\/i>\n\t\t\t<\/span>\n\t\t\tGest\u00e3o, organiza\u00e7\u00e3o e visualiza\u00e7\u00e3o de dados: definir regras para o processamento de pedidos de informa\u00e7\u00e3o do utilizador, para recupera\u00e7\u00e3o da informa\u00e7\u00e3o da base de dados do sistema, utilizando metodologias de pesquisa sem\u00e2ntica, implementada atrav\u00e9s de uma componente de Visual Analytics (VA) que permitir\u00e1 a an\u00e1lise visual de grandes quantidades de dados\t\t<\/li>\n\t\t\t<li class=\"sh-list-item\">\n\t\t\t<span class=\"sh-list-icon\">\n\t\t\t\t<i class=\"ti-agenda\"><\/i>\n\t\t\t<\/span>\n\t\t\tInterface com o utilizador: desenvolver a interface de utiliza\u00e7\u00e3o que garanta todas as medidas de seguran\u00e7a que impossibilitem o acesso a utilizadores que n\u00e3o se encontrem devidamente credenciados\t\t<\/li>\n\t<\/ul>\n\t<\/div>\n\n\n\t\t\n\n<\/div>\n<\/div>\n\n<div class=\"fw-row\">\n\t\n<div class=\"sh-column sh-column-28d5dfb0d143cba9b6723032697842d8 fw-col-xs-12 fw-col-sm-4 sh-column-mobile-padding\" >\n\n\t\n\t<div class=\"sh-column-wrapper\">\n\t\t\n<div class=\"sh-heading  \" id=\"heading-ebf92809814577dc1c8240fad37d8635\">\n\t<div class=\"sh-element-margin\">\n\n\t\t\n\t\t\t<h3 class=\"sh-heading-content size-m text-left\">\n\t\t\t\tSOLU\u00c7\u00c3O INOVADORA\t\t\t<\/h3>\n\n\t\t\n\t<\/div>\n<\/div>\n\n<div id=\"text-block-1fec2f33e3e95669cae212a0d42c69dc\" class=\"sh-text-block\">\n\t<p>O projeto AGATHA apresentar\u00e1 ao mercado um produto inovador tanto em termos tecnol\u00f3gicos, como em termos funcionais, sendo uma solu\u00e7\u00e3o inquestionavelmente disruptiva, tanto a n\u00edvel nacional como internacional.<\/p><p>O sistema ter\u00e1 a capacidade de analisar grandes quantidades de informa\u00e7\u00e3o e extrair dela rela\u00e7\u00f5es impl\u00edcitas, padr\u00f5es e intervenientes, entre outros, atrav\u00e9s de m\u00f3dulos dedicados \u00e0 an\u00e1lise de v\u00eddeo e imagem, \u00e1udio e texto em diversas l\u00ednguas, compostos por algoritmos de crawling and data mining, para a recolha dos conte\u00fados de forma seletiva e direcionada.<\/p><p>&nbsp;<\/p><\/div>\n\t<\/div>\n\n\n\t\t\n\n<\/div>\n\n<div class=\"sh-column sh-column-1172f6878515352876bb7d04c0081cdc fw-col-xs-12 fw-col-sm-8 sh-column-mobile-padding\" >\n\n\t\n\t<div class=\"sh-column-wrapper\">\n\t\t\n<div class=\"sh-heading  \" id=\"heading-71688422421264086a0caa961de4338e\">\n\t<div class=\"sh-element-margin\">\n\n\t\t\n\t\t\t<h3 class=\"sh-heading-content size-m text-left\">\n\t\t\t\tEM CONSTANTE EVOLU\u00c7\u00c3O\t\t\t<\/h3>\n\n\t\t\n\t<\/div>\n<\/div>\n\n<div id=\"text-block-58fca55d0787729c172162c1de35f209\" class=\"sh-text-block\">\n\t<p><span style=\"font-weight: 400;\">Com base nos dados de edi\u00e7\u00e3o obtidos por parte dos &nbsp;investigadores, o sistema tem pr\u00e9-integrado um conjunto de ferramentas de autoaprendizagem permitem um melhoramento constante dos resultados autom\u00e1ticos por via das corre\u00e7\u00f5es introduzidas pelos os utilizadores. Assim, isto faz com que a plataforma v\u00e1, com o tempo, apurando a sua capacidade de efetuar transcri\u00e7\u00f5es mais corretas, aumentando a taxa de sucesso e diminuindo o tempo de corre\u00e7\u00e3o despendido pelos investigadores.<\/span><\/p><\/div>\n\n<div class=\"sh-heading  \" id=\"heading-99ca2ce13ec7597c28ea79bc9de5bfac\">\n\t<div class=\"sh-element-margin\">\n\n\t\t\n\t\t\t<h3 class=\"sh-heading-content size-m text-left\">\n\t\t\t\tCONFIDENCIALIDADE\t\t\t<\/h3>\n\n\t\t\n\t<\/div>\n<\/div>\n\n<div id=\"text-block-9e572d49a75766819d7f08d93488b647\" class=\"sh-text-block\">\n\t<p><span style=\"font-weight: 400;\">Toda a gest\u00e3o da plataforma \u00e9 local \u00e0s instala\u00e7\u00f5es das for\u00e7as de seguran\u00e7a, salvaguardando-se o perigo de dados sens\u00edveis poderem ser visualizados por indiv\u00edduos n\u00e3o devidamente credenciados. Todos os acessos ao sistema s\u00e3o, por isso, controlados e, consoante as permiss\u00f5es de cada utilizador, apenas determinadas interce\u00e7\u00f5es podem ser consultadas. Pretendemos assim, cumprir todos os requisitos de seguran\u00e7a e confidencialidade que uma tarefa desta natureza exige. <\/span><\/p><p>&nbsp;<\/p><\/div>\n\t<\/div>\n\n\n\t\t\n\n<\/div>\n<\/div>\n\n\t<\/div>\n<\/section>\n\n<section class=\"sh-section sh-section-e8c6a0a973c0409b80bb79cdefa2e97e fw-main-row sh-section-visibility-everywhere\">\n\t\n\t\n\t<div class=\"sh-section-container container\">\n\t\t<div class=\"fw-row\">\n\t\n<div class=\"sh-column sh-column-5f54b77316d60bc8c6fd15e36bdaa960 fw-col-xs-12 fw-col-sm-15\" >\n\n\t\n\t<div class=\"sh-column-wrapper\">\n\t\t\n<div class=\"sh-heading  \" id=\"heading-e208ffe3dcb8f10554d0a78fc2302046\">\n\t<div class=\"sh-element-margin\">\n\n\t\t\n\t\t\t<h1 class=\"sh-heading-content size-m text-left\">\n\t\t\t\tCONS\u00d3RCIO\t\t\t<\/h1>\n\n\t\t\n\t<\/div>\n<\/div>\n\t<\/div>\n\n\n\t\t\n\n<\/div>\n\n<div class=\"sh-column sh-column-3de719e4fc4cd61452cebb088fdeaa62 fw-col-xs-12 fw-col-sm-9 sh-column-mobile-padding\" >\n\n\t\n\t<div class=\"sh-column-wrapper\">\n\t\t\n<div id=\"text-block-3a7fe5afb810620b9bb445c47250d388\" class=\"sh-text-block\">\n\t<p><span style=\"color: #ff9900;\"><strong>Compta Business Solutions, S.A.<\/strong><\/span> - empresa portuguesa que desenvolve a sua atividade com base na procura constante da inova\u00e7\u00e3o tecnol\u00f3gica, tendo por miss\u00e3o selecionar no mercado mundial as melhores tecnologias, adaptando-as aos mercados onde atua. Apresenta uma gama completa e coerente de produtos, solu\u00e7\u00f5es e servi\u00e7os que ajudam as empresas a melhorar o seu desempenho, acrescentando valor \u00e0 sua atividade -, em conjunto com a<\/p><p><strong><span style=\"color: #ff9900;\">Voiceinteraction S.A.<\/span><\/strong> \u2013 uma empresa de base tecnol\u00f3gica, constitu\u00edda em Abril de 2008, como spin-off do INESC-ID Lisboa, de modo a desenvolver tecnologias na \u00e1rea do processamento da fala -, e a<\/p><p><strong><span style=\"color: #ff9900;\">Associa\u00e7\u00e3o C.C.G.<\/span><\/strong> \u2013 \u00e9 uma entidade qualificada pelo Sistema Cient\u00edfico e Tecnol\u00f3gico Nacional (SCTN) para a Presta\u00e7\u00e3o de Servi\u00e7os de Investiga\u00e7\u00e3o e Desenvolvimento Tecnol\u00f3gico e para Consultoria e Servi\u00e7os de Apoio \u00e0 Inova\u00e7\u00e3o \u00e0s empresas, constituindo-se ainda, membro cofundador da rede GraphicsMedia.net - Rede Internacional de Coopera\u00e7\u00e3o em Investiga\u00e7\u00e3o Aplicada em Computa\u00e7\u00e3o Gr\u00e1fica, Tecnologias Multimodais-Multim\u00e9dia e Tecnologias Digitais Visuais Interativas; e a<\/p><p><span style=\"color: #ff9900;\"><strong>Universidade de \u00c9vora | Centro de Inova\u00e7\u00e3o em Tecnologias da Informa\u00e7\u00e3o (CITI)<\/strong><\/span> - unidade interdepartamental da Escola de Ci\u00eancias e Tecnologia da Universidade de \u00c9vora, traz ao cons\u00f3rcio compet\u00eancias na \u00e1rea das Interfaces e Sistemas de Processamento de L\u00edngua Natural. \u00c9 de real\u00e7ar que os recursos alocados possuem vasta experiencia no desenvolvimento de projetos nas \u00e1reas da intelig\u00eancia artificial, recupera\u00e7\u00e3o de informa\u00e7\u00e3o, an\u00e1lise de sentimentos e web sem\u00e2ntica.<\/p><\/div>\n\t<\/div>\n\n\n\t\t\n\n<\/div>\n<\/div>\n\n\t<\/div>\n<\/section>\n","protected":false},"excerpt":{"rendered":"<p>Projeto confinanciado por: Designa\u00e7\u00e3o do projeto | AGATHA: Sistema inteligente de an\u00e1lise em fontes de informa\u00e7\u00e3o&#8230;<\/p>\n","protected":false},"author":2,"featured_media":0,"parent":10672,"menu_order":0,"comment_status":"closed","ping_status":"closed","template":"","meta":{"_links_to":"","_links_to_target":"","footnotes":""},"class_list":["post-17149","page","type-page","status-publish","hentry"],"_links":{"self":[{"href":"https:\/\/voice-interaction.com\/tmp-web\/pt\/wp-json\/wp\/v2\/pages\/17149","targetHints":{"allow":["GET"]}}],"collection":[{"href":"https:\/\/voice-interaction.com\/tmp-web\/pt\/wp-json\/wp\/v2\/pages"}],"about":[{"href":"https:\/\/voice-interaction.com\/tmp-web\/pt\/wp-json\/wp\/v2\/types\/page"}],"author":[{"embeddable":true,"href":"https:\/\/voice-interaction.com\/tmp-web\/pt\/wp-json\/wp\/v2\/users\/2"}],"replies":[{"embeddable":true,"href":"https:\/\/voice-interaction.com\/tmp-web\/pt\/wp-json\/wp\/v2\/comments?post=17149"}],"version-history":[{"count":14,"href":"https:\/\/voice-interaction.com\/tmp-web\/pt\/wp-json\/wp\/v2\/pages\/17149\/revisions"}],"predecessor-version":[{"id":17306,"href":"https:\/\/voice-interaction.com\/tmp-web\/pt\/wp-json\/wp\/v2\/pages\/17149\/revisions\/17306"}],"up":[{"embeddable":true,"href":"https:\/\/voice-interaction.com\/tmp-web\/pt\/wp-json\/wp\/v2\/pages\/10672"}],"wp:attachment":[{"href":"https:\/\/voice-interaction.com\/tmp-web\/pt\/wp-json\/wp\/v2\/media?parent=17149"}],"curies":[{"name":"wp","href":"https:\/\/api.w.org\/{rel}","templated":true}]}}