{"id":16934,"date":"2019-05-28T16:27:34","date_gmt":"2019-05-28T16:27:34","guid":{"rendered":"https:\/\/voice-interaction.com\/tmp-web\/?page_id=16934"},"modified":"2019-05-29T14:16:20","modified_gmt":"2019-05-29T14:16:20","slug":"junta-te-a-nos","status":"publish","type":"page","link":"https:\/\/voice-interaction.com\/tmp-web\/pt\/empresa\/junta-te-a-nos\/","title":{"rendered":"Junta-te a n\u00f3s!"},"content":{"rendered":"<section class=\"sh-section sh-section-1e51059198c56afe99bba019fc8a8666 fw-main-row sh-section-visibility-everywhere\">\n\t\n\t\n\t<div class=\"sh-section-container container\">\n\t\t<div class=\"fw-row\">\n\t\n<div class=\"sh-column sh-column-4fe5a789df53c4e4f3faf3146e0148f7 fw-col-xs-12\" >\n\n\t\n\t<div class=\"sh-column-wrapper\">\n\t\t\n\n\t<div class=\"sh-heading sh-heading-style1\" id=\"heading-696d4c908cd561d2710a43a459f6bd3d\">\n\t\t<h1 class=\"sh-heading-content size-default\">\n\t\t\t<span style=\"text-align: center;\"><span style=\"font-size: 21px;\"><strong><span style=\"color: #ff9900;\">A VoiceInteraction est\u00e1 a expandir a sua equipa!<\/span>&nbsp;<\/strong><\/span><\/span>\t\t<\/h1>\n\t<\/div>\n\n\n<div id=\"text-block-b1648e0194e752de8be7b07e04d40c75\" class=\"sh-text-block\">\n\t<p>Uma equipa constitu\u00edda por profissionais detentores de uma vasta experi\u00eancia no processamento computacional da fala, bem como uma forma\u00e7\u00e3o de base em \u00e1reas como a Lingu\u00edstica ou as Engenharias Electrot\u00e9cnica e Inform\u00e1tica. Para al\u00e9m das elevadas compet\u00eancias t\u00e9cnicas, o esp\u00edrito de iniciativa e o prazer em contribuir para a antecipa\u00e7\u00e3o do futuro t\u00eam sido algumas das caracter\u00edsticas identificadoras deste grupo. Queremos que fa\u00e7as parte da nossa equipa!<\/p><\/div>\n\n<div id=\"divider-aadf3754dc0ced78d8d62982a089ca73\" class=\"sh-divider sh-divider-left sh-divider-content-none\">\n\t\t\t<div class=\"sh-divider-line\"><\/div>\n\t<\/div>\n\t<\/div>\n\n\n\t\t\n\n<\/div>\n<\/div>\n\n\t<\/div>\n<\/section>\n\n<section class=\"sh-section sh-section-7edc600856857b3a61d6890996abe3bc fw-main-row sh-section-visibility-everywhere\">\n\t\n\t\n\t<div class=\"sh-section-container container-fluid\">\n\t\t<div class=\"fw-row\">\n\t\n<div class=\"sh-column sh-column-e805fd190f2d14179649f1068dbd8e73 fw-col-xs-12 fw-col-sm-6 sh-column-mobile-padding\" >\n\n\t\n\t<div class=\"sh-column-wrapper\">\n\t\t\n<div id=\"single-image-f27f21c7e265574df1584b5d2287830d\" class=\"sh-single-image  \">\n\t<div class=\"sh-element-margin\">\n\t\t\n\t\t\n\t\t\t<div class=\"sh-single-image-container\">\n\t\t\t\t\t\t\t\t\t\n\t\t\t\t\t\t\t\t\t\t\t\t\t<img decoding=\"async\" class=\"sh-image-url\" src=\"https:\/\/voice-interaction.com\/tmp-web\/wp-content\/uploads\/2019\/05\/ViiceInteraction-positions-01.png\" alt=\"ViiceInteraction-positions-01\" \/>\n\t\t\t\t\t\t\t\t\t\t\t\t\t\n\t\t\t\t\t\t\t\t\t\n\t\t\t\t\t\t\t<\/div>\n\n\t\t\n\t<\/div>\n<\/div>\n\t<\/div>\n\n\n\t\t\n\n<\/div>\n\n<div class=\"sh-column sh-column-af4ee007d940bbda7d8834561e567b46 fw-col-xs-12 fw-col-sm-6 sh-column-mobile-padding\" >\n\n\t\n\t<div class=\"sh-column-wrapper\">\n\t\t\n\n\t<div class=\"sh-heading sh-heading-style1\" id=\"heading-d71b8a4155b31bdf3216553c9fedf1e9\">\n\t\t<h2 class=\"sh-heading-content size-default\">\n\t\t\t<span><strong>Machine Learning Engineer<\/strong><\/span>\t\t<\/h2>\n\t<\/div>\n\n\n<div id=\"text-block-359d893acdcf5143acbddba1357112b5\" class=\"sh-text-block\">\n\t<div id=\"heading-a2cd1227e741a137cfcdff8b97a8b949\" class=\"sh-heading\"><\/div><div id=\"divider-90269245d6a573c2b45128ef80325eac\" class=\"sh-divider sh-divider-left sh-divider-content-none\"><div id=\"heading-a2cd1227e741a137cfcdff8b97a8b949\" class=\"sh-heading\"><h5 class=\"sh-heading-content size-default text-left\">O candidato ideal dever\u00e1:<\/h5><\/div><div id=\"text-block-010f33e5fb619f0d374ce9c1daf417d2\" class=\"sh-text-block\"><ul><li>Ter bom esp\u00edrito de equipa<\/li><li>Ter sentido de inova\u00e7\u00e3o<\/li><li>Ser bom comunicador<\/li><\/ul><\/div><div id=\"heading-9ee1d179c0ee5d37521986cf8df401dd\" class=\"sh-heading\"><h5 class=\"sh-heading-content size-default text-left\">Requisitos Obrigat\u00f3rios<\/h5><\/div><div id=\"text-block-1a93e50453047a524c7609e5e5a787be\" class=\"sh-text-block\"><ul><li>Mestrado em Engenharia Eletrot\u00e9cnica ou Engenharia Inform\u00e1tica<\/li><li>Dom\u00ednio de: C++, Python e Bash<\/li><li>Dom\u00ednio de t\u00e9cnicas de Machine Learning<\/li><li>Conhecimentos de processamento de sinal<\/li><\/ul><\/div><div id=\"heading-12abf354b877f796869206de2761face\" class=\"sh-heading\"><h5 class=\"sh-heading-content size-default text-left\">Oferecemos<\/h5><\/div><div id=\"text-block-e0966c92ee2448cb36ff2eceb4a8433e\" class=\"sh-text-block\"><ul><li>Fun\u00e7\u00e3o entry-level, full-time<\/li><li>Integra\u00e7\u00e3o em equipa experiente, multifacetada e din\u00e2mica<\/li><li>Remunera\u00e7\u00e3o de acordo com experi\u00eancia demonstrada<\/li><li>Local de trabalho: escrit\u00f3rio de Lisboa<\/li><\/ul><\/div><div id=\"divider-90269245d6a573c2b45128ef80325eac\" class=\"sh-divider sh-divider-left sh-divider-content-none\"><\/div><\/div><\/div>\n\n<div id=\"button-076b43f8033bbbc04f3f0cb509f06036\" class=\"sh-button-container  sh-button-style-2\">\n\t<div class=\"sh-element-margin\">\n\t\t<a href=\"https:\/\/voice-interaction.com\/tmp-web\/pt\/contacts\/\" target=\"_self\" class=\"sh-button sh-button-small sh-button-icon-left\">\n\n\t\t\t\t\t\t\t<span class=\"sh-button-icon\">\n\t\t\t\t\t<i class=\"ti-comments-smiley\"><\/i>\n\t\t\t\t<\/span>\n\t\t\t\n\t\t\t\t\t\t\t<span class=\"sh-button-text\">\n\t\t\t\t\tENVIA-NOS O TEU CV\t\t\t\t<\/span>\n\t\t\t\n\t\t\t\n\t\t<\/a>\n\t\t\t<\/div>\n<\/div>\n\t<\/div>\n\n\n\t\t\n\n<\/div>\n<\/div>\n\n\t<\/div>\n<\/section>\n\n<section class=\"sh-section sh-section-8d230b7c53b4ed7a225c142ba7f4c363 fw-main-row sh-section-visibility-everywhere\">\n\t\n\t\n\t<div class=\"sh-section-container container-fluid\">\n\t\t<div class=\"fw-row\">\n\t\n<div class=\"sh-column sh-column-c375fdd83bd6a882b0dac115eed82cda fw-col-xs-12 fw-col-sm-6 sh-column-mobile-padding\" >\n\n\t\n\t<div class=\"sh-column-wrapper\">\n\t\t\n<div id=\"single-image-4c2849c719260fad4862d8cf08207459\" class=\"sh-single-image  \">\n\t<div class=\"sh-element-margin\">\n\t\t\n\t\t\n\t\t\t<div class=\"sh-single-image-container\">\n\t\t\t\t\t\t\t\t\t\n\t\t\t\t\t\t\t\t\t\t\t\t\t<img decoding=\"async\" class=\"sh-image-url\" src=\"https:\/\/voice-interaction.com\/tmp-web\/wp-content\/uploads\/2019\/05\/ViiceInteraction-positions-02.png\" alt=\"ViiceInteraction-positions-02\" \/>\n\t\t\t\t\t\t\t\t\t\t\t\t\t\n\t\t\t\t\t\t\t\t\t\n\t\t\t\t\t\t\t<\/div>\n\n\t\t\n\t<\/div>\n<\/div>\n\t<\/div>\n\n\n\t\t\n\n<\/div>\n\n<div class=\"sh-column sh-column-38ee9bffd7592ed407d391b29645f203 fw-col-xs-12 fw-col-sm-6 sh-column-mobile-padding\" >\n\n\t\n\t<div class=\"sh-column-wrapper\">\n\t\t\n\n\t<div class=\"sh-heading sh-heading-style1\" id=\"heading-46cc4f152cd575c4b52942344df39de3\">\n\t\t<h2 class=\"sh-heading-content size-default\">\n\t\t\t<span class=\"sh-heading-content size-default text-left\"><strong>Front-End Developer<\/strong><\/span>\t\t<\/h2>\n\t<\/div>\n\n\n<div id=\"text-block-e07d27fdbb88923b353f9469ec1d2e48\" class=\"sh-text-block\">\n\t<div id=\"heading-a2cd1227e741a137cfcdff8b97a8b949\" class=\"sh-heading\"><h5 class=\"sh-heading-content size-default text-left\">O candidato ideal dever\u00e1:<\/h5><\/div><div id=\"text-block-010f33e5fb619f0d374ce9c1daf417d2\" class=\"sh-text-block\"><ul><li>Ser apaixonado por desenvolvimento UI\/UX e querer aprender mais todos os dias.<\/li><li>Estar sempre pronto para um novo desafio e trazer ideias novas para a mesa<\/li><li>Ter uma capacidade elevada de aprendizagem e para trabalhar em diferentes projetos no dia-a-dia<\/li><li>M\u00ednimo de 1 ano de experi\u00eancia relevante<\/li><\/ul><\/div><div id=\"heading-9ee1d179c0ee5d37521986cf8df401dd\" class=\"sh-heading\"><h5 class=\"sh-heading-content size-default text-left\">Requisitos Obrigat\u00f3rios<\/h5><\/div><div id=\"text-block-1a93e50453047a524c7609e5e5a787be\" class=\"sh-text-block\"><ul><li>Licenciatura Bolonha em Inform\u00e1tica ou Engenharia Eletr\u00f3nica<\/li><li>Bases s\u00f3lidas em programa\u00e7\u00e3o orientada a objetos, estruturas de dados, algoritmos e desenvolvimento UI\/UX<\/li><li>Experi\u00eancia em:\u00a0Javascript,\u00a0Angularjs,\u00a0HTML 5,\u00a0GIT e GITLAB<\/li><li>Conhecimentos em redes<\/li><li>Familiariza\u00e7\u00e3o com JSON\/REST<\/li><li>Aten\u00e7\u00e3o ao detalhe<\/li><\/ul><\/div><div id=\"heading-d79a1788ebddf8371d2a8018467597c0\" class=\"sh-heading\"><h5 class=\"sh-heading-content size-default text-left\">Nice to have<\/h5><\/div><div id=\"text-block-f0b9db9ea646e384f3d3fe0fb759d087\" class=\"sh-text-block\"><ul><li>Mestrado em Inform\u00e1tica ou Engenharia Eletr\u00f3nica<\/li><\/ul><\/div><div id=\"heading-12abf354b877f796869206de2761face\" class=\"sh-heading\"><h5 class=\"sh-heading-content size-default text-left\">Oferecemos<\/h5><\/div><div id=\"text-block-e0966c92ee2448cb36ff2eceb4a8433e\" class=\"sh-text-block\"><ul><li>Fun\u00e7\u00e3o entry-level, full-time<\/li><li>Integra\u00e7\u00e3o em equipa experiente, multifacetada e din\u00e2mica<\/li><li>Remunera\u00e7\u00e3o de acordo com experi\u00eancia demonstrada<\/li><li>Local de trabalho: escrit\u00f3rio de Lisboa<\/li><\/ul><\/div><div id=\"divider-90269245d6a573c2b45128ef80325eac\" class=\"sh-divider sh-divider-left sh-divider-content-none\"><\/div><\/div>\n\n<div id=\"button-41092a266729b9431a1c9bb9e88c88ff\" class=\"sh-button-container  sh-button-style-2\">\n\t<div class=\"sh-element-margin\">\n\t\t<a href=\"https:\/\/voice-interaction.com\/tmp-web\/pt\/contacts\/\" target=\"_blank\" class=\"sh-button sh-button-small sh-button-icon-left\">\n\n\t\t\t\t\t\t\t<span class=\"sh-button-icon\">\n\t\t\t\t\t<i class=\"ti-comments-smiley\"><\/i>\n\t\t\t\t<\/span>\n\t\t\t\n\t\t\t\t\t\t\t<span class=\"sh-button-text\">\n\t\t\t\t\tENVIA-NOS O TEU CV\t\t\t\t<\/span>\n\t\t\t\n\t\t\t\n\t\t<\/a>\n\t\t\t<\/div>\n<\/div>\n\t<\/div>\n\n\n\t\t\n\n<\/div>\n<\/div>\n\n\t<\/div>\n<\/section>\n","protected":false},"excerpt":{"rendered":"<p>A VoiceInteraction est\u00e1 a expandir a sua equipa!&nbsp; Uma equipa constitu\u00edda por profissionais detentores de uma&#8230;<\/p>\n","protected":false},"author":9,"featured_media":0,"parent":10672,"menu_order":1,"comment_status":"closed","ping_status":"closed","template":"","meta":{"_links_to":"","_links_to_target":"","footnotes":""},"class_list":["post-16934","page","type-page","status-publish","hentry"],"_links":{"self":[{"href":"https:\/\/voice-interaction.com\/tmp-web\/pt\/wp-json\/wp\/v2\/pages\/16934","targetHints":{"allow":["GET"]}}],"collection":[{"href":"https:\/\/voice-interaction.com\/tmp-web\/pt\/wp-json\/wp\/v2\/pages"}],"about":[{"href":"https:\/\/voice-interaction.com\/tmp-web\/pt\/wp-json\/wp\/v2\/types\/page"}],"author":[{"embeddable":true,"href":"https:\/\/voice-interaction.com\/tmp-web\/pt\/wp-json\/wp\/v2\/users\/9"}],"replies":[{"embeddable":true,"href":"https:\/\/voice-interaction.com\/tmp-web\/pt\/wp-json\/wp\/v2\/comments?post=16934"}],"version-history":[{"count":15,"href":"https:\/\/voice-interaction.com\/tmp-web\/pt\/wp-json\/wp\/v2\/pages\/16934\/revisions"}],"predecessor-version":[{"id":16967,"href":"https:\/\/voice-interaction.com\/tmp-web\/pt\/wp-json\/wp\/v2\/pages\/16934\/revisions\/16967"}],"up":[{"embeddable":true,"href":"https:\/\/voice-interaction.com\/tmp-web\/pt\/wp-json\/wp\/v2\/pages\/10672"}],"wp:attachment":[{"href":"https:\/\/voice-interaction.com\/tmp-web\/pt\/wp-json\/wp\/v2\/media?parent=16934"}],"curies":[{"name":"wp","href":"https:\/\/api.w.org\/{rel}","templated":true}]}}