{"id":15030,"date":"2017-03-27T15:34:41","date_gmt":"2017-03-27T15:34:41","guid":{"rendered":"https:\/\/voice-interaction.com\/tmp-web\/?page_id=15030"},"modified":"2019-11-07T11:48:20","modified_gmt":"2019-11-07T11:48:20","slug":"projetos","status":"publish","type":"page","link":"https:\/\/voice-interaction.com\/tmp-web\/pt\/empresa\/projetos\/","title":{"rendered":"Projetos"},"content":{"rendered":"\n<section class=\"sh-section sh-section-b07a7ddbfccf0840ce647abe592c3a22 fw-main-row sh-section-visibility-everywhere\">\n\t\n\t\n\t<div class=\"sh-section-container container\">\n\t\t<div class=\"fw-row\">\n\t\n<div class=\"sh-column sh-column-1c92b1e6f04a3a15b740bf028192cecb fw-col-xs-12 fw-col-sm-15\" >\n\n\t\n\t<div class=\"sh-column-wrapper\">\n\t\t\t<\/div>\n\n\n\t\t\n\n<\/div>\n\n<div class=\"sh-column sh-column-8d3a84eaab3dc7009a7e5d9e9ffa3c54 fw-col-xs-12 fw-col-sm-8\" >\n\n\t\n\t<div class=\"sh-column-wrapper\">\n\t\t\n<div id=\"text-block-f9a82745f19d7f191fda6cd536d5bcd0\" class=\"sh-text-block\">\n\t<p style=\"text-align: left;\">Sendo uma empresa onde a inova\u00e7\u00e3o desempenha um forte papel na cria\u00e7\u00e3o de novos produtos e funcionalidades, a VoiceInteraction tem participado ativamente em v\u00e1rios projetos de \u00e2mbito nacional e internacional.<\/p><p style=\"text-align: left;\">Esses projetos t\u00eam permitido estabelecer novas parcerias com empresas e centros de investiga\u00e7\u00e3o de diversos pa\u00edses, bem como potenciar muitas das colabora\u00e7\u00f5es previamente existentes.<\/p><\/div>\n\t<\/div>\n\n\n\t\t\n\n<\/div>\n<\/div>\n\n<div class=\"fw-row\">\n\t\n<div class=\"sh-column sh-column-4502ed5ad3dcb08095ca055d4b728ff0 fw-col-xs-12 fw-col-sm-15\" >\n\n\t\n\t<div class=\"sh-column-wrapper\">\n\t\t\t<\/div>\n\n\n\t\t\n\n<\/div>\n\n<div class=\"sh-column sh-column-84e5beabd045afc44af5afa64dd87493 fw-col-xs-12 fw-col-sm-8 sh-animated fadeIn\" data-wow-duration=\"0.6s\">\n\n\t\n\t<div class=\"sh-column-wrapper\">\n\t\t\n<div id=\"single-image-7911650bceb654c416163ed3e838f59a\" class=\"sh-single-image  \">\n\t<div class=\"sh-element-margin\">\n\t\t\n\t\t\n\t\t\t<div class=\"sh-single-image-container\">\n\t\t\t\t\t\t\t\t\t\t\t\t\t\t\t<a href=\"https:\/\/voice-interaction.com\/tmp-web\/pt\/empresa\/projeto-de-internacionalizacao-da-voiceinteraction\/\">\n\t\t\t\t\t\n\t\t\t\t\t\t\t\t\t\t\t\t\t<img decoding=\"async\" class=\"sh-image-url\" src=\"https:\/\/voice-interaction.com\/tmp-web\/wp-content\/uploads\/2018\/07\/VoiceInteraction-international-1024x284.jpg\" alt=\"VoiceInteraction-international\" \/>\n\t\t\t\t\t\t\t\t\t\t\t\t\t\n\t\t\t\t\t\t\t\t\t\t\t<\/a>\n\t\t\t\t\t\t\t\t\t\n\t\t\t\t\t\t\t<\/div>\n\n\t\t\n\t<\/div>\n<\/div>\n\n<div class=\"sh-heading  \" id=\"heading-e65b6bf55228bf554716ae3908c21746\">\n\t<div class=\"sh-element-margin\">\n\n\t\t\n\t\t\t<h3 class=\"sh-heading-content size-default text-left\">\n\t\t\t\tINTERNACIONALIZA\u00c7\u00c3O DA VOICEINTERACTION\t\t\t<\/h3>\n\n\t\t\n\t<\/div>\n<\/div>\n\n<div id=\"text-block-bcb78b35d72358dfca3a00386d5c7c29\" class=\"sh-text-block\">\n\t<p>Com o presente projeto,\u00a0a VoiceInteraction pretende refor\u00e7ar a\u00a0<strong>capacidade competitiva interna<\/strong>\u00a0necess\u00e1ria para a internacionaliza\u00e7\u00e3o no sentido de\u00a0<strong>assegurar o seu crescimento cont\u00ednuo al\u00e9m fronteiras.<\/strong><\/p><\/div>\n\n<div id=\"button-934fbc41ddc70971eaf9a836a7a6d75e\" class=\"sh-button-container  sh-button-style-1\">\n\t<div class=\"sh-element-margin\">\n\t\t<a href=\"https:\/\/voice-interaction.com\/tmp-web\/pt\/empresa\/projeto-de-internacionalizacao-da-voiceinteraction\/\" target=\"_self\" class=\"sh-button sh-button-small sh-button-icon-left\">\n\n\t\t\t\t\t\t\t<span class=\"sh-button-icon\">\n\t\t\t\t\t<i class=\"ti-angle-right\"><\/i>\n\t\t\t\t<\/span>\n\t\t\t\n\t\t\t\t\t\t\t<span class=\"sh-button-text\">\n\t\t\t\t\tSaber mais\t\t\t\t<\/span>\n\t\t\t\n\t\t\t\n\t\t<\/a>\n\t\t\t<\/div>\n<\/div>\n\t<\/div>\n\n\n\t\t\n\n<\/div>\n<\/div>\n\n<div class=\"fw-row\">\n\t\n<div class=\"sh-column sh-column-a977bfcf6fd8f9fdfe141b4d431e2094 fw-col-xs-12 fw-col-sm-15\" >\n\n\t\n\t<div class=\"sh-column-wrapper\">\n\t\t\t<\/div>\n\n\n\t\t\n\n<\/div>\n\n<div class=\"sh-column sh-column-a5313de1bf176399f07dfa14b933f279 fw-col-xs-12 fw-col-sm-8 sh-animated fadeIn\" data-wow-duration=\"0.6s\">\n\n\t\n\t<div class=\"sh-column-wrapper\">\n\t\t\n<div id=\"single-image-f2c63cb78f7786f29c8c9e90bce5b860\" class=\"sh-single-image  \">\n\t<div class=\"sh-element-margin\">\n\t\t\n\t\t\n\t\t\t<div class=\"sh-single-image-container\">\n\t\t\t\t\t\t\t\t\t\t\t\t\t\t\t<a href=\"https:\/\/voice-interaction.com\/tmp-web\/pt\/empresa\/projeto-quickspeech\/\">\n\t\t\t\t\t\n\t\t\t\t\t\t\t\t\t\t\t\t\t<img decoding=\"async\" class=\"sh-image-url\" src=\"https:\/\/voice-interaction.com\/tmp-web\/wp-content\/uploads\/2019\/11\/Image_Site_QuickSpeech-1024x284.jpg\" alt=\"Image_Site_QuickSpeech\" \/>\n\t\t\t\t\t\t\t\t\t\t\t\t\t\n\t\t\t\t\t\t\t\t\t\t\t<\/a>\n\t\t\t\t\t\t\t\t\t\n\t\t\t\t\t\t\t<\/div>\n\n\t\t\n\t<\/div>\n<\/div>\n\n<div class=\"sh-heading  \" id=\"heading-254ec23e7b6b099d16914d5bfae259bd\">\n\t<div class=\"sh-element-margin\">\n\n\t\t\n\t\t\t<h3 class=\"sh-heading-content size-default text-left\">\n\t\t\t\tQUICKSPEECH\t\t\t<\/h3>\n\n\t\t\n\t<\/div>\n<\/div>\n\n<div id=\"text-block-5692ddaef0a168a947ca36db5f5d4302\" class=\"sh-text-block\">\n\t<p>O projeto <strong>QuickSpeech<\/strong> visa criar um novo n\u00facleo de investiga\u00e7\u00e3o dentro da VoiceInteraction que ter\u00e1 como objetivo investigar e desenvolver novos modelos, algoritmos e\/ou arquiteturas software que tornem o processamento dos seus modelos de fala\/voz mais r\u00e1pido e eficiente!<\/p><\/div>\n\n<div id=\"button-092664af2cbf60b0d92abe41af0bb0c5\" class=\"sh-button-container  sh-button-style-1\">\n\t<div class=\"sh-element-margin\">\n\t\t<a href=\"https:\/\/voice-interaction.com\/tmp-web\/pt\/empresa\/projeto-quickspeech\/\" target=\"_self\" class=\"sh-button sh-button-small sh-button-icon-left\">\n\n\t\t\t\t\t\t\t<span class=\"sh-button-icon\">\n\t\t\t\t\t<i class=\"ti-angle-right\"><\/i>\n\t\t\t\t<\/span>\n\t\t\t\n\t\t\t\t\t\t\t<span class=\"sh-button-text\">\n\t\t\t\t\tSaber mais\t\t\t\t<\/span>\n\t\t\t\n\t\t\t\n\t\t<\/a>\n\t\t\t<\/div>\n<\/div>\n\t<\/div>\n\n\n\t\t\n\n<\/div>\n<\/div>\n\n<div class=\"fw-row\">\n\t\n<div class=\"sh-column sh-column-5e6ec0ce44c06d04532aff308cda08e9 fw-col-xs-12 fw-col-sm-15\" >\n\n\t\n\t<div class=\"sh-column-wrapper\">\n\t\t\t<\/div>\n\n\n\t\t\n\n<\/div>\n\n<div class=\"sh-column sh-column-58b4757b02cdf29a8ed819f9760c41f6 fw-col-xs-12 fw-col-sm-8 sh-animated fadeIn\" data-wow-duration=\"0.6s\">\n\n\t\n\t<div class=\"sh-column-wrapper\">\n\t\t\n<div id=\"single-image-cac2d992c687f86833cef0bc3c7c95c4\" class=\"sh-single-image  \">\n\t<div class=\"sh-element-margin\">\n\t\t\n\t\t\n\t\t\t<div class=\"sh-single-image-container\">\n\t\t\t\t\t\t\t\t\t\t\t\t\t\t\t<a href=\"https:\/\/voice-interaction.com\/tmp-web\/pt\/empresa\/projeto-voiscriptum\/\">\n\t\t\t\t\t\n\t\t\t\t\t\t\t\t\t\t\t\t\t<img decoding=\"async\" class=\"sh-image-url\" src=\"https:\/\/voice-interaction.com\/tmp-web\/wp-content\/uploads\/2018\/07\/voiscriptum-02.jpg\" alt=\"voiscriptum-02\" \/>\n\t\t\t\t\t\t\t\t\t\t\t\t\t\n\t\t\t\t\t\t\t\t\t\t\t<\/a>\n\t\t\t\t\t\t\t\t\t\n\t\t\t\t\t\t\t<\/div>\n\n\t\t\n\t<\/div>\n<\/div>\n\n<div class=\"sh-heading  \" id=\"heading-5213d319119df4afb2318eb22b89e57f\">\n\t<div class=\"sh-element-margin\">\n\n\t\t\n\t\t\t<h3 class=\"sh-heading-content size-default text-left\">\n\t\t\t\tVOISCRIPTUM\t\t\t<\/h3>\n\n\t\t\n\t<\/div>\n<\/div>\n\n<div id=\"text-block-19d5cd625d7e58371f309a77f7503f91\" class=\"sh-text-block\">\n\t<p>Este projeto tem como principal objetivo a transcri\u00e7\u00e3o autom\u00e1tica das sess\u00f5es de interrogat\u00f3rio e depoimentos para efeitos de maximiza\u00e7\u00e3o de recursos e diminui\u00e7\u00e3o da carga e tempo gastos, atualmente, em procedimentos de transcri\u00e7\u00e3o manual de ra\u00edz.<\/p><\/div>\n\n<div id=\"button-678cdd94a11a5a1431171e56993b29ce\" class=\"sh-button-container  sh-button-style-1\">\n\t<div class=\"sh-element-margin\">\n\t\t<a href=\"https:\/\/voice-interaction.com\/tmp-web\/pt\/empresa\/projeto-voiscriptum\/\" target=\"_self\" class=\"sh-button sh-button-small sh-button-icon-left\">\n\n\t\t\t\t\t\t\t<span class=\"sh-button-icon\">\n\t\t\t\t\t<i class=\"ti-angle-right\"><\/i>\n\t\t\t\t<\/span>\n\t\t\t\n\t\t\t\t\t\t\t<span class=\"sh-button-text\">\n\t\t\t\t\tSaber mais\t\t\t\t<\/span>\n\t\t\t\n\t\t\t\n\t\t<\/a>\n\t\t\t<\/div>\n<\/div>\n\t<\/div>\n\n\n\t\t\n\n<\/div>\n<\/div>\n\n<div class=\"fw-row\">\n\t\n<div class=\"sh-column sh-column-2a0c4e301e4a268bbba8567b79e30eef fw-col-xs-12 fw-col-sm-15\" >\n\n\t\n\t<div class=\"sh-column-wrapper\">\n\t\t\t<\/div>\n\n\n\t\t\n\n<\/div>\n\n<div class=\"sh-column sh-column-c3f889d2d620f118674c470b7bca417a fw-col-xs-12 fw-col-sm-8 sh-animated fadeIn\" data-wow-duration=\"0.6s\">\n\n\t\n\t<div class=\"sh-column-wrapper\">\n\t\t\n<div id=\"single-image-b31b2c4c96960cdae0aa0ec59204b763\" class=\"sh-single-image  \">\n\t<div class=\"sh-element-margin\">\n\t\t\n\t\t\n\t\t\t<div class=\"sh-single-image-container\">\n\t\t\t\t\t\t\t\t\t\n\t\t\t\t\t\t\t\t\t\t\t\t\t<img decoding=\"async\" class=\"sh-image-url\" src=\"https:\/\/voice-interaction.com\/tmp-web\/wp-content\/uploads\/2018\/03\/voiceinteraction-projects-01-1024x284.jpg\" alt=\"voiceinteraction-projects-01\" \/>\n\t\t\t\t\t\t\t\t\t\t\t\t\t\n\t\t\t\t\t\t\t\t\t\n\t\t\t\t\t\t\t<\/div>\n\n\t\t\n\t<\/div>\n<\/div>\n\n<div class=\"sh-heading  \" id=\"heading-088bd328783b0b32ca728a31e077ad08\">\n\t<div class=\"sh-element-margin\">\n\n\t\t\n\t\t\t<h3 class=\"sh-heading-content size-default text-left\">\n\t\t\t\tCALLSCRIBER\t\t\t<\/h3>\n\n\t\t\n\t<\/div>\n<\/div>\n\n<div id=\"text-block-cf82ebbf8b1a61bdad56bf608a2e20c8\" class=\"sh-text-block\">\n\t<p>O projeto destina-se a criar uma plataforma integrada onde os conte\u00fados das chamadas interceptadas s\u00e3o automaticamente transcritos (recorrendo a tecnologia de reconhecimento autom\u00e1tico de fala) e segmentados de acordo com o orador...<\/p><\/div>\n\n<div id=\"button-341e9c6fdec8af09de08f0c87e961fc4\" class=\"sh-button-container  sh-button-style-1\">\n\t<div class=\"sh-element-margin\">\n\t\t<a href=\"https:\/\/voice-interaction.com\/tmp-web\/pt\/empresa\/projeto-callscriber\/\" target=\"_self\" class=\"sh-button sh-button-small sh-button-icon-left\">\n\n\t\t\t\t\t\t\t<span class=\"sh-button-icon\">\n\t\t\t\t\t<i class=\"ti-angle-right\"><\/i>\n\t\t\t\t<\/span>\n\t\t\t\n\t\t\t\t\t\t\t<span class=\"sh-button-text\">\n\t\t\t\t\tSaber mais\t\t\t\t<\/span>\n\t\t\t\n\t\t\t\n\t\t<\/a>\n\t\t\t<\/div>\n<\/div>\n\t<\/div>\n\n\n\t\t\n\n<\/div>\n<\/div>\n\n<div class=\"fw-row\">\n\t\n<div class=\"sh-column sh-column-5384da65334dc5e1a0b97eb7aba857e1 fw-col-xs-12 fw-col-sm-15\" >\n\n\t\n\t<div class=\"sh-column-wrapper\">\n\t\t\t<\/div>\n\n\n\t\t\n\n<\/div>\n\n<div class=\"sh-column sh-column-35890a1f43c7b288eb6a84e4ec39b21d fw-col-xs-12 fw-col-sm-8 sh-animated fadeIn\" data-wow-duration=\"0.6s\">\n\n\t\n\t<div class=\"sh-column-wrapper\">\n\t\t\n<div id=\"single-image-77227fcc99a8d303d699fe3758a2c0f3\" class=\"sh-single-image  \">\n\t<div class=\"sh-element-margin\">\n\t\t\n\t\t\n\t\t\t<div class=\"sh-single-image-container\">\n\t\t\t\t\t\t\t\t\t\n\t\t\t\t\t\t\t\t\t\t\t\t\t<img decoding=\"async\" class=\"sh-image-url\" src=\"https:\/\/voice-interaction.com\/tmp-web\/wp-content\/uploads\/2017\/03\/vi-project-agatha.png\" alt=\"vi-project-agatha\" \/>\n\t\t\t\t\t\t\t\t\t\t\t\t\t\n\t\t\t\t\t\t\t\t\t\n\t\t\t\t\t\t\t<\/div>\n\n\t\t\n\t<\/div>\n<\/div>\n\n<div class=\"sh-heading  \" id=\"heading-053c9cfb447ec17416dca7b559f68c2b\">\n\t<div class=\"sh-element-margin\">\n\n\t\t\n\t\t\t<h3 class=\"sh-heading-content size-default text-left\">\n\t\t\t\tAGATHA\t\t\t<\/h3>\n\n\t\t\n\t<\/div>\n<\/div>\n\n<div id=\"text-block-95436496c21ce674fe72e0f91f044224\" class=\"sh-text-block\">\n\t<p>O cons\u00f3rcio AGATHA pretende com este projeto desenvolver um sistema dirigido \u00e0s pol\u00edcias de investiga\u00e7\u00e3o criminal e servi\u00e7os de intelig\u00eancia para a\u00a0facilita\u00e7\u00e3o na recolha de ind\u00edcios de pr\u00e1ticas criminosas ao utilizar a informa\u00e7\u00e3o dispon\u00edvel em fontes abertas, analisando-as automaticamente<\/p><\/div>\n\n<div id=\"button-ece884dcc6bf5e00395a9710f4ac1797\" class=\"sh-button-container  sh-button-style-1\">\n\t<div class=\"sh-element-margin\">\n\t\t<a href=\"https:\/\/voice-interaction.com\/tmp-web\/pt\/empresa\/projeto-agatha\/\" target=\"_self\" class=\"sh-button sh-button-small sh-button-icon-left\">\n\n\t\t\t\t\t\t\t<span class=\"sh-button-icon\">\n\t\t\t\t\t<i class=\"ti-angle-right\"><\/i>\n\t\t\t\t<\/span>\n\t\t\t\n\t\t\t\t\t\t\t<span class=\"sh-button-text\">\n\t\t\t\t\tSaber mais\t\t\t\t<\/span>\n\t\t\t\n\t\t\t\n\t\t<\/a>\n\t\t\t<\/div>\n<\/div>\n\t<\/div>\n\n\n\t\t\n\n<\/div>\n<\/div>\n\n<div class=\"fw-row\">\n\t\n<div class=\"sh-column sh-column-5e275f9c2ded86f717d55a28e681a93a fw-col-xs-12 fw-col-sm-15\" >\n\n\t\n\t<div class=\"sh-column-wrapper\">\n\t\t\t<\/div>\n\n\n\t\t\n\n<\/div>\n\n<div class=\"sh-column sh-column-70ee87602cf4cc1031dcb84b224314a2 fw-col-xs-12 fw-col-sm-4 sh-animated fadeIn\" data-wow-duration=\"0.6s\">\n\n\t\n\t<div class=\"sh-column-wrapper\">\n\t\t\n<div id=\"single-image-880bb9693c4133d95c6f29b411d8368c\" class=\"sh-single-image  \">\n\t<div class=\"sh-element-margin\">\n\t\t\n\t\t\n\t\t\t<div class=\"sh-single-image-container\">\n\t\t\t\t\t\t\t\t\t\n\t\t\t\t\t\t\t\t\t\t\t\t\t<img decoding=\"async\" class=\"sh-image-url\" src=\"https:\/\/voice-interaction.com\/tmp-web\/wp-content\/uploads\/2017\/03\/vi-project-caper.png\" alt=\"vi-project-caper\" \/>\n\t\t\t\t\t\t\t\t\t\t\t\t\t\n\t\t\t\t\t\t\t\t\t\n\t\t\t\t\t\t\t<\/div>\n\n\t\t\n\t<\/div>\n<\/div>\n\n<div class=\"sh-heading  \" id=\"heading-de5beaaef69556d2a3d8ac043b1be482\">\n\t<div class=\"sh-element-margin\">\n\n\t\t\n\t\t\t<h3 class=\"sh-heading-content size-default text-left\">\n\t\t\t\tCAPER\t\t\t<\/h3>\n\n\t\t\n\t<\/div>\n<\/div>\n\n<div id=\"text-block-75a710829cd3402922b7141f7cecb0a1\" class=\"sh-text-block\">\n\t<p>O projeto CAPER tem por objetivo a preven\u00e7\u00e3o do crime organizado atrav\u00e9s da cria\u00e7\u00e3o de uma plataforma comum que permita facilitar a partilha, explora\u00e7\u00e3o e an\u00e1lise de informa\u00e7\u00e3o publicamente acess\u00edvel, bem como proveniente de reposit\u00f3rios privados...<\/p><\/div>\n\t<\/div>\n\n\n\t\t\n\n<\/div>\n\n<div class=\"sh-column sh-column-fadd1a4881c13bafff8f07141e3b7038 fw-col-xs-12 fw-col-sm-4 sh-animated fadeIn\" data-wow-duration=\"0.6s\">\n\n\t\n\t<div class=\"sh-column-wrapper\">\n\t\t\n<div id=\"single-image-63f3deeb5c7879510af6712614a18a1f\" class=\"sh-single-image  \">\n\t<div class=\"sh-element-margin\">\n\t\t\n\t\t\n\t\t\t<div class=\"sh-single-image-container\">\n\t\t\t\t\t\t\t\t\t\n\t\t\t\t\t\t\t\t\t\t\t\t\t<img decoding=\"async\" class=\"sh-image-url\" src=\"https:\/\/voice-interaction.com\/tmp-web\/wp-content\/uploads\/2017\/03\/vi-project-savas.png\" alt=\"vi-project-savas\" \/>\n\t\t\t\t\t\t\t\t\t\t\t\t\t\n\t\t\t\t\t\t\t\t\t\n\t\t\t\t\t\t\t<\/div>\n\n\t\t\n\t<\/div>\n<\/div>\n\n<div class=\"sh-heading  \" id=\"heading-605ebb7fca1b732212bdcd4830df3560\">\n\t<div class=\"sh-element-margin\">\n\n\t\t\n\t\t\t<h3 class=\"sh-heading-content size-default text-left\">\n\t\t\t\tSAVAS\t\t\t<\/h3>\n\n\t\t\n\t<\/div>\n<\/div>\n\n<div id=\"text-block-f024eb37aea87e57b5d5aaf08f860b45\" class=\"sh-text-block\">\n\t<p>O projecto SAVAS ir\u00e1 recolher recursos textuais e audiovisuais produzidos em seis l\u00ednguas europeias (espanhol, basco, portugu\u00eas, italiano, franc\u00eas e alem\u00e3o). Os reposit\u00f3rios resultantes ser\u00e3o anotados a v\u00e1rios n\u00edveis (incluindo o n\u00edvel ortogr\u00e1fico)...<\/p><\/div>\n\t<\/div>\n\n\n\t\t\n\n<\/div>\n<\/div>\n\n<div class=\"fw-row\">\n\t\n<div class=\"sh-column sh-column-86289bfa1bc18a162d4768aeeafc9f43 fw-col-xs-12 fw-col-sm-15\" >\n\n\t\n\t<div class=\"sh-column-wrapper\">\n\t\t\t<\/div>\n\n\n\t\t\n\n<\/div>\n\n<div class=\"sh-column sh-column-187aee90b212a3281a73a33704cc2453 fw-col-xs-12 fw-col-sm-4 sh-animated fadeIn\" data-wow-duration=\"0.6s\">\n\n\t\n\t<div class=\"sh-column-wrapper\">\n\t\t\n<div id=\"single-image-55d478b09bcc4b678f47ae9875c548bc\" class=\"sh-single-image  \">\n\t<div class=\"sh-element-margin\">\n\t\t\n\t\t\n\t\t\t<div class=\"sh-single-image-container\">\n\t\t\t\t\t\t\t\t\t\n\t\t\t\t\t\t\t\t\t\t\t\t\t<img decoding=\"async\" class=\"sh-image-url\" src=\"https:\/\/voice-interaction.com\/tmp-web\/wp-content\/uploads\/2017\/03\/vi-project-qren-5225.png\" alt=\"vi-project-qren-5225\" \/>\n\t\t\t\t\t\t\t\t\t\t\t\t\t\n\t\t\t\t\t\t\t\t\t\n\t\t\t\t\t\t\t<\/div>\n\n\t\t\n\t<\/div>\n<\/div>\n\n<div class=\"sh-heading  \" id=\"heading-97499569f1120d52c8bf74be29c77382\">\n\t<div class=\"sh-element-margin\">\n\n\t\t\n\t\t\t<h3 class=\"sh-heading-content size-default text-left\">\n\t\t\t\tQREN 2525\t\t\t<\/h3>\n\n\t\t\n\t<\/div>\n<\/div>\n\n<div id=\"text-block-7678ccf15ec2e844f341f80f93628c0c\" class=\"sh-text-block\">\n\t<p>O Sistema de Gest\u00e3o de Di\u00e1logos permitir\u00e1, em termos gen\u00e9ricos, o estabelecimento de uma conversa\u00e7\u00e3o natural entre um utente\/cliente\/consumidor e uma dada entidade, sem interven\u00e7\u00e3o de um operador humano...<\/p><\/div>\n\t<\/div>\n\n\n\t\t\n\n<\/div>\n\n<div class=\"sh-column sh-column-4db6dc115f309d79598afa84f58128e5 fw-col-xs-12 fw-col-sm-4 sh-animated fadeIn\" data-wow-duration=\"0.6s\">\n\n\t\n\t<div class=\"sh-column-wrapper\">\n\t\t\n<div id=\"single-image-4be549f7deda6c461a664475b44b1943\" class=\"sh-single-image  \">\n\t<div class=\"sh-element-margin\">\n\t\t\n\t\t\n\t\t\t<div class=\"sh-single-image-container\">\n\t\t\t\t\t\t\t\t\t\n\t\t\t\t\t\t\t\t\t\t\t\t\t<img decoding=\"async\" class=\"sh-image-url\" src=\"https:\/\/voice-interaction.com\/tmp-web\/wp-content\/uploads\/2017\/03\/vi-project-qren-5108.png\" alt=\"vi-project-qren-5108\" \/>\n\t\t\t\t\t\t\t\t\t\t\t\t\t\n\t\t\t\t\t\t\t\t\t\n\t\t\t\t\t\t\t<\/div>\n\n\t\t\n\t<\/div>\n<\/div>\n\n<div class=\"sh-heading  \" id=\"heading-b84f99fecbf8374f7d0d784b53419df0\">\n\t<div class=\"sh-element-margin\">\n\n\t\t\n\t\t\t<h3 class=\"sh-heading-content size-default text-left\">\n\t\t\t\tQREN 5108\t\t\t<\/h3>\n\n\t\t\n\t<\/div>\n<\/div>\n\n<div id=\"text-block-e08a25c211cdffacf31c9bf210e1266c\" class=\"sh-text-block\">\n\t<p>Este projecto insere-se numa das \u00e1reas principais de actua\u00e7\u00e3o da distribui\u00e7\u00e3o e filtragem de informa\u00e7\u00e3o sem\u00e2ntica associada a conte\u00fados multim\u00e9dia. Tanto a n\u00edvel nacional como internacional existem excelentes perspectivas para a explora\u00e7\u00e3o deste tipo de produtos...<\/p><\/div>\n\t<\/div>\n\n\n\t\t\n\n<\/div>\n<\/div>\n\n\t<\/div>\n<\/section>\n\n","protected":false},"excerpt":{"rendered":"<p>Sendo uma empresa onde a inova\u00e7\u00e3o desempenha um forte papel na cria\u00e7\u00e3o de novos produtos e&#8230;<\/p>\n","protected":false},"author":2,"featured_media":0,"parent":10672,"menu_order":0,"comment_status":"closed","ping_status":"closed","template":"","meta":{"_links_to":"","_links_to_target":"","footnotes":""},"class_list":["post-15030","page","type-page","status-publish","hentry"],"_links":{"self":[{"href":"https:\/\/voice-interaction.com\/tmp-web\/pt\/wp-json\/wp\/v2\/pages\/15030","targetHints":{"allow":["GET"]}}],"collection":[{"href":"https:\/\/voice-interaction.com\/tmp-web\/pt\/wp-json\/wp\/v2\/pages"}],"about":[{"href":"https:\/\/voice-interaction.com\/tmp-web\/pt\/wp-json\/wp\/v2\/types\/page"}],"author":[{"embeddable":true,"href":"https:\/\/voice-interaction.com\/tmp-web\/pt\/wp-json\/wp\/v2\/users\/2"}],"replies":[{"embeddable":true,"href":"https:\/\/voice-interaction.com\/tmp-web\/pt\/wp-json\/wp\/v2\/comments?post=15030"}],"version-history":[{"count":12,"href":"https:\/\/voice-interaction.com\/tmp-web\/pt\/wp-json\/wp\/v2\/pages\/15030\/revisions"}],"predecessor-version":[{"id":17886,"href":"https:\/\/voice-interaction.com\/tmp-web\/pt\/wp-json\/wp\/v2\/pages\/15030\/revisions\/17886"}],"up":[{"embeddable":true,"href":"https:\/\/voice-interaction.com\/tmp-web\/pt\/wp-json\/wp\/v2\/pages\/10672"}],"wp:attachment":[{"href":"https:\/\/voice-interaction.com\/tmp-web\/pt\/wp-json\/wp\/v2\/media?parent=15030"}],"curies":[{"name":"wp","href":"https:\/\/api.w.org\/{rel}","templated":true}]}}