{"id":14726,"date":"2017-04-25T16:41:11","date_gmt":"2017-04-25T16:41:11","guid":{"rendered":"https:\/\/voice-interaction.com\/tmp-web\/?page_id=14726"},"modified":"2019-07-22T13:52:52","modified_gmt":"2019-07-22T13:52:52","slug":"projeto-callscriber","status":"publish","type":"page","link":"https:\/\/voice-interaction.com\/tmp-web\/pt\/empresa\/projeto-callscriber\/","title":{"rendered":"Projeto CallScriber"},"content":{"rendered":"<section class=\"sh-section sh-section-41f466ecbb6b4036da70929e200fd7ba fw-main-row sh-section-visibility-everywhere\">\n\t\n\t\n\t<div class=\"sh-section-container container\">\n\t\t<div class=\"fw-row\">\n\t\n<div class=\"sh-column sh-column-3aee0f8983a9921517204e901c715abe fw-col-xs-12 fw-col-sm-6 sh-column-mobile-padding\" >\n\n\t\n\t<div class=\"sh-column-wrapper\">\n\t\t\n<div class=\"sh-heading  \" id=\"heading-4a75630029dee63acedab3540ed1a140\">\n\t<div class=\"sh-element-margin\">\n\n\t\t\n\t\t\t<h3 class=\"sh-heading-content size-m text-left\">\n\t\t\t\tPROJETO CALLSCRIBER\t\t\t<\/h3>\n\n\t\t\n\t<\/div>\n<\/div>\n\n<div class=\"sh-heading  \" id=\"heading-68fe42f68c68b2ce6373547f07bfadba\">\n\t<div class=\"sh-element-margin\">\n\n\t\t\n\t\t\t<h1 class=\"sh-heading-content size-default text-left\">\n\t\t\t\tAn\u00e1lise Autom\u00e1tica de Chamadas Telef\u00f3nicas para Apoio \u00e0 Atividade dos \u00d3rg\u00e3os de Pol\u00edcia Criminal\t\t\t<\/h1>\n\n\t\t\n\t<\/div>\n<\/div>\n\t<\/div>\n\n\n\t\t\n\n<\/div>\n\n<div class=\"sh-column sh-column-ac1685d16bc14f0a46b5d5fdd0e6a96e fw-col-xs-12 fw-col-sm-6 sh-column-mobile-padding\" >\n\n\t\n\t<div class=\"sh-column-wrapper\">\n\t\t\n<div class=\"sh-heading  \" id=\"heading-f3254b6d2b5de16c658bd1de40d26bed\">\n\t<div class=\"sh-element-margin\">\n\n\t\t\n\t\t\t<h3 class=\"sh-heading-content size-m text-left\">\n\t\t\t\tPARCEIRO\t\t\t<\/h3>\n\n\t\t\n\t<\/div>\n<\/div>\n\n<div id=\"text-block-42a535ea1bbf8e74b449e72078e5afe4\" class=\"sh-text-block\">\n\t<p><a href=\"https:\/\/voice-interaction.com\/tmp-web\/wp-content\/uploads\/2018\/03\/policia-judiciaria_logo.jpg\"><img loading=\"lazy\" decoding=\"async\" class=\"wp-image-14767 alignright\" src=\"https:\/\/voice-interaction.com\/tmp-web\/wp-content\/uploads\/2018\/03\/policia-judiciaria_logo.jpg\" alt=\"\" width=\"117\" height=\"152\" srcset=\"https:\/\/voice-interaction.com\/tmp-web\/wp-content\/uploads\/2018\/03\/policia-judiciaria_logo.jpg 378w, https:\/\/voice-interaction.com\/tmp-web\/wp-content\/uploads\/2018\/03\/policia-judiciaria_logo-231x300.jpg 231w\" sizes=\"auto, (max-width: 117px) 100vw, 117px\" \/><\/a>Este projeto conta com a participa\u00e7\u00e3o da Pol\u00edcia Judici\u00e1ria, atrav\u00e9s da sua unidade PJ-UTI-AESE, como utilizadora e recetora dos resultados do mesmo.<\/p><p>O sistema \u00e9 gerido por funcion\u00e1rios da PJ-UTI-AESE, aos quais agradecemos por todo o seu esfor\u00e7o, ajuda e dedica\u00e7\u00e3o constantes durante toda a fase de desenvolvimento desta plataforma.<\/p><\/div>\n\t<\/div>\n\n\n\t\t\n\n<\/div>\n<\/div>\n\n\t<\/div>\n<\/section>\n\n<section class=\"sh-section sh-section-f611b20b82106df945258abf0f49b14a fw-main-row sh-section-visibility-everywhere\">\n\t\n\t\n\t<div class=\"sh-section-container container\">\n\t\t<div class=\"fw-row\">\n\t\n<div class=\"sh-column sh-column-12a6246b9be433a1fdeaae3445f7b475 fw-col-xs-12\" >\n\n\t\n\t<div class=\"sh-column-wrapper\">\n\t\t\n<div id=\"text-block-fce9ad8f214e6c1ca8ef557d58db9b13\" class=\"sh-text-block\">\n\t<p style=\"text-align: center;\"><strong>Do projeto CallScriber resultou um sistema centralizado e de cobertura nacional onde os investigadores dos \u00f3rg\u00e3os de pol\u00edcia criminal e servi\u00e7os de intelig\u00eancia podem realizar, consultar e exportar as transcri\u00e7\u00f5es completas das interce\u00e7\u00f5es telef\u00f3nicas realizadas.<\/strong><\/p><\/div>\n\t<\/div>\n\n\n\t\t\n\n<\/div>\n<\/div>\n\n<div class=\"fw-row\">\n\t\n<div class=\"sh-column sh-column-28d5dfb0d143cba9b6723032697842d8 fw-col-xs-12 fw-col-sm-4 sh-column-mobile-padding\" >\n\n\t\n\t<div class=\"sh-column-wrapper\">\n\t\t\n<div class=\"sh-heading  \" id=\"heading-ebf92809814577dc1c8240fad37d8635\">\n\t<div class=\"sh-element-margin\">\n\n\t\t\n\t\t\t<h3 class=\"sh-heading-content size-m text-left\">\n\t\t\t\tSOLU\u00c7\u00c3O INOVADORA\t\t\t<\/h3>\n\n\t\t\n\t<\/div>\n<\/div>\n\n<div id=\"text-block-1fec2f33e3e95669cae212a0d42c69dc\" class=\"sh-text-block\">\n\t<p><span style=\"font-weight: 400;\">Este projeto procurou criar uma plataforma integrada onde os conte\u00fados das chamadas intercetadas s\u00e3o automaticamente importados, geridos, transcritos (recorrendo a tecnologia de reconhecimento autom\u00e1tico de fala) e segmentados de acordo com os participantes na intera\u00e7\u00e3o. <\/span><\/p><p><span style=\"font-weight: 400;\">\u00c9 gerada uma representa\u00e7\u00e3o multin\u00edvel de cada di\u00e1logo, identificando-se, de uma forma visual, o orador e o que foi dito em cada momento da chamada. Desta forma, a plataforma coloca \u00e0 disposi\u00e7\u00e3o dos utilizadores uma ferramenta inteligente de edi\u00e7\u00e3o e corre\u00e7\u00e3o das transcri\u00e7\u00f5es autom\u00e1ticas, podendo gerar automaticamente o auto institucional respetivo. O sistema disp\u00f5e, ainda, de ferramentas de an\u00e1lise autom\u00e1tica de conte\u00fado, permitindo a dete\u00e7\u00e3o de padr\u00f5es e a classifica\u00e7\u00e3o por tipos de conversas.<\/span><\/p><\/div>\n\t<\/div>\n\n\n\t\t\n\n<\/div>\n\n<div class=\"sh-column sh-column-1172f6878515352876bb7d04c0081cdc fw-col-xs-12 fw-col-sm-8 sh-column-mobile-padding\" >\n\n\t\n\t<div class=\"sh-column-wrapper\">\n\t\t\n<div class=\"sh-heading  \" id=\"heading-71688422421264086a0caa961de4338e\">\n\t<div class=\"sh-element-margin\">\n\n\t\t\n\t\t\t<h3 class=\"sh-heading-content size-m text-left\">\n\t\t\t\tEM CONSTANTE EVOLU\u00c7\u00c3O\t\t\t<\/h3>\n\n\t\t\n\t<\/div>\n<\/div>\n\n<div id=\"text-block-58fca55d0787729c172162c1de35f209\" class=\"sh-text-block\">\n\t<p><span style=\"font-weight: 400;\">Com base nos dados de edi\u00e7\u00e3o obtidos por parte dos &nbsp;investigadores, o sistema tem pr\u00e9-integrado um conjunto de ferramentas de autoaprendizagem permitem um melhoramento constante dos resultados autom\u00e1ticos por via das corre\u00e7\u00f5es introduzidas pelos os utilizadores. Assim, isto faz com que a plataforma v\u00e1, com o tempo, apurando a sua capacidade de efetuar transcri\u00e7\u00f5es mais corretas, aumentando a taxa de sucesso e diminuindo o tempo de corre\u00e7\u00e3o despendido pelos investigadores.<\/span><\/p><\/div>\n\n<div class=\"sh-heading  \" id=\"heading-99ca2ce13ec7597c28ea79bc9de5bfac\">\n\t<div class=\"sh-element-margin\">\n\n\t\t\n\t\t\t<h3 class=\"sh-heading-content size-m text-left\">\n\t\t\t\tCONFIDENCIALIDADE\t\t\t<\/h3>\n\n\t\t\n\t<\/div>\n<\/div>\n\n<div id=\"text-block-9e572d49a75766819d7f08d93488b647\" class=\"sh-text-block\">\n\t<p><span style=\"font-weight: 400;\">Toda a gest\u00e3o da plataforma \u00e9 local \u00e0s instala\u00e7\u00f5es das for\u00e7as de seguran\u00e7a, salvaguardando-se o perigo de dados sens\u00edveis poderem ser visualizados por indiv\u00edduos n\u00e3o devidamente credenciados. Todos os acessos ao sistema s\u00e3o, por isso, controlados e, consoante as permiss\u00f5es de cada utilizador, apenas determinadas interce\u00e7\u00f5es podem ser consultadas. Pretendemos assim, cumprir todos os requisitos de seguran\u00e7a e confidencialidade que uma tarefa desta natureza exige. <\/span><\/p><p>&nbsp;<\/p><\/div>\n\t<\/div>\n\n\n\t\t\n\n<\/div>\n<\/div>\n\n\t<\/div>\n<\/section>\n\n<section class=\"sh-section sh-section-e8c6a0a973c0409b80bb79cdefa2e97e fw-main-row sh-section-visibility-everywhere\">\n\t\n\t\n\t<div class=\"sh-section-container container\">\n\t\t<div class=\"fw-row\">\n\t\n<div class=\"sh-column sh-column-5f54b77316d60bc8c6fd15e36bdaa960 fw-col-xs-12 fw-col-sm-15\" >\n\n\t\n\t<div class=\"sh-column-wrapper\">\n\t\t\n<div class=\"sh-heading  \" id=\"heading-e208ffe3dcb8f10554d0a78fc2302046\">\n\t<div class=\"sh-element-margin\">\n\n\t\t\n\t\t\t<h1 class=\"sh-heading-content size-m text-left\">\n\t\t\t\tAPOIOS\t\t\t<\/h1>\n\n\t\t\n\t<\/div>\n<\/div>\n\t<\/div>\n\n\n\t\t\n\n<\/div>\n\n<div class=\"sh-column sh-column-3de719e4fc4cd61452cebb088fdeaa62 fw-col-xs-12 fw-col-sm-9 sh-column-mobile-padding\" >\n\n\t\n\t<div class=\"sh-column-wrapper\">\n\t\t\n<div id=\"text-block-4db7bf19b8c4bc83543c02cb2abba3ed\" class=\"sh-text-block\">\n\t<p><span style=\"font-weight: 400;\">Este projeto financiado no \u00e2mbito do Portugal 2020 conta com a participa\u00e7\u00e3o da Pol\u00edcia Judici\u00e1ria, atrav\u00e9s da sua unidade PJ-UTI-AESE, como utilizadora e recetora dos resultados do projeto. O sistema \u00e9 gerido por funcion\u00e1rios da PJ-UTI-AESE que garantem tamb\u00e9m que, tal como no sistema Paragon, apenas os investigadores autorizados t\u00eam acesso e apenas \u00e0s transcri\u00e7\u00f5es dos alvos atribu\u00eddos, garantindo assim a confidencialidade de toda esta opera\u00e7\u00e3o.<\/span><\/p><p>&nbsp;<\/p><p style=\"text-align: center;\"><img loading=\"lazy\" decoding=\"async\" class=\"alignnone wp-image-14780\" src=\"https:\/\/voice-interaction.com\/tmp-web\/wp-content\/uploads\/2018\/03\/logo-ANI.png\" alt=\"\" width=\"130\" height=\"52\" srcset=\"https:\/\/voice-interaction.com\/tmp-web\/wp-content\/uploads\/2018\/03\/logo-ANI.png 534w, https:\/\/voice-interaction.com\/tmp-web\/wp-content\/uploads\/2018\/03\/logo-ANI-300x120.png 300w\" sizes=\"auto, (max-width: 130px) 100vw, 130px\" \/>\u00a0\u00a0\u00a0<img loading=\"lazy\" decoding=\"async\" class=\"alignnone wp-image-14779\" src=\"https:\/\/voice-interaction.com\/tmp-web\/wp-content\/uploads\/2018\/03\/logo-Lisboa2020.png\" alt=\"\" width=\"125\" height=\"52\" srcset=\"https:\/\/voice-interaction.com\/tmp-web\/wp-content\/uploads\/2018\/03\/logo-Lisboa2020.png 510w, https:\/\/voice-interaction.com\/tmp-web\/wp-content\/uploads\/2018\/03\/logo-Lisboa2020-300x125.png 300w\" sizes=\"auto, (max-width: 125px) 100vw, 125px\" \/>\u00a0\u00a0\u00a0<img loading=\"lazy\" decoding=\"async\" class=\"alignnone wp-image-14778\" src=\"https:\/\/voice-interaction.com\/tmp-web\/wp-content\/uploads\/2018\/03\/logo-Portugal2020.png\" alt=\"\" width=\"110\" height=\"47\" srcset=\"https:\/\/voice-interaction.com\/tmp-web\/wp-content\/uploads\/2018\/03\/logo-Portugal2020.png 496w, https:\/\/voice-interaction.com\/tmp-web\/wp-content\/uploads\/2018\/03\/logo-Portugal2020-300x128.png 300w\" sizes=\"auto, (max-width: 110px) 100vw, 110px\" \/>\u00a0\u00a0\u00a0<img loading=\"lazy\" decoding=\"async\" class=\"alignnone wp-image-14777\" src=\"https:\/\/voice-interaction.com\/tmp-web\/wp-content\/uploads\/2018\/03\/logo-FEDER.png\" alt=\"\" width=\"136\" height=\"55\" srcset=\"https:\/\/voice-interaction.com\/tmp-web\/wp-content\/uploads\/2018\/03\/logo-FEDER.png 524w, https:\/\/voice-interaction.com\/tmp-web\/wp-content\/uploads\/2018\/03\/logo-FEDER-300x121.png 300w\" sizes=\"auto, (max-width: 136px) 100vw, 136px\" \/><\/p><\/div>\n\n<div id=\"text-block-3a7fe5afb810620b9bb445c47250d388\" class=\"sh-text-block\">\n\t<p style=\"text-align: left;\"><strong>C\u00f3digo do projecto:<\/strong> LISBOA-02-0752-FEDER-042479<\/p><p style=\"text-align: left;\"><strong>Regi\u00e3o de interven\u00e7\u00e3o<\/strong> | Lisboa<\/p><p style=\"text-align: left;\"><strong>Entidade benefici\u00e1ria<\/strong> | Voiceinteraction \u2013 Tecnologias de Processamento de Fala, S.A<\/p><p>&nbsp;<\/p><p style=\"text-align: left;\"><strong>Data de Aprova\u00e7\u00e3o |\u00a0<\/strong>23-09-2016<\/p><p style=\"text-align: left;\"><strong>Data de In\u00edcio |\u00a0<\/strong>01-07-2016<\/p><p style=\"text-align: left;\"><strong>Data de Conclus\u00e3o<\/strong> | 31-12-2017<\/p><p style=\"text-align: left;\"><strong>Custo total eleg\u00edvel |<\/strong>\u00a0329.657,43\u20ac<\/p><p style=\"text-align: left;\"><strong> Apoio financeiro da Uni\u00e3o Europeia|FEDER\u00a0 |\u00a0<\/strong>\u00a0131,862.97\u20ac<\/p><p>&nbsp;<\/p><\/div>\n\t<\/div>\n\n\n\t\t\n\n<\/div>\n<\/div>\n\n\t<\/div>\n<\/section>\n","protected":false},"excerpt":{"rendered":"<p>PROJETO CALLSCRIBER An\u00e1lise Autom\u00e1tica de Chamadas Telef\u00f3nicas para Apoio \u00e0 Atividade dos \u00d3rg\u00e3os de Pol\u00edcia Criminal&#8230;<\/p>\n","protected":false},"author":2,"featured_media":0,"parent":10672,"menu_order":0,"comment_status":"closed","ping_status":"closed","template":"","meta":{"_links_to":"","_links_to_target":"","footnotes":""},"class_list":["post-14726","page","type-page","status-publish","hentry"],"_links":{"self":[{"href":"https:\/\/voice-interaction.com\/tmp-web\/pt\/wp-json\/wp\/v2\/pages\/14726","targetHints":{"allow":["GET"]}}],"collection":[{"href":"https:\/\/voice-interaction.com\/tmp-web\/pt\/wp-json\/wp\/v2\/pages"}],"about":[{"href":"https:\/\/voice-interaction.com\/tmp-web\/pt\/wp-json\/wp\/v2\/types\/page"}],"author":[{"embeddable":true,"href":"https:\/\/voice-interaction.com\/tmp-web\/pt\/wp-json\/wp\/v2\/users\/2"}],"replies":[{"embeddable":true,"href":"https:\/\/voice-interaction.com\/tmp-web\/pt\/wp-json\/wp\/v2\/comments?post=14726"}],"version-history":[{"count":4,"href":"https:\/\/voice-interaction.com\/tmp-web\/pt\/wp-json\/wp\/v2\/pages\/14726\/revisions"}],"predecessor-version":[{"id":17145,"href":"https:\/\/voice-interaction.com\/tmp-web\/pt\/wp-json\/wp\/v2\/pages\/14726\/revisions\/17145"}],"up":[{"embeddable":true,"href":"https:\/\/voice-interaction.com\/tmp-web\/pt\/wp-json\/wp\/v2\/pages\/10672"}],"wp:attachment":[{"href":"https:\/\/voice-interaction.com\/tmp-web\/pt\/wp-json\/wp\/v2\/media?parent=14726"}],"curies":[{"name":"wp","href":"https:\/\/api.w.org\/{rel}","templated":true}]}}