{"id":14206,"date":"2017-03-27T15:34:41","date_gmt":"2017-03-27T15:34:41","guid":{"rendered":"https:\/\/voice-interaction.com\/tmp-web\/?page_id=14206"},"modified":"2019-05-16T15:42:58","modified_gmt":"2019-05-16T15:42:58","slug":"front-end-developer","status":"publish","type":"page","link":"https:\/\/voice-interaction.com\/tmp-web\/pt\/empresa\/front-end-developer\/","title":{"rendered":"Vem fazer parte da nossa equipa!"},"content":{"rendered":"\n<section class=\"sh-section sh-section-1e51059198c56afe99bba019fc8a8666 fw-main-row sh-section-visibility-everywhere\">\n\t\n\t\n\t<div class=\"sh-section-container container\">\n\t\t<div class=\"fw-row\">\n\t\n<div class=\"sh-column sh-column-4fe5a789df53c4e4f3faf3146e0148f7 fw-col-xs-12\" >\n\n\t\n\t<div class=\"sh-column-wrapper\">\n\t\t\n<div class=\"sh-heading  \" id=\"heading-23ef803718979c244d857bbe5cdeef7f\">\n\t<div class=\"sh-element-margin\">\n\n\t\t\n\t\t\t<h1 class=\"sh-heading-content size-default text-left\">\n\t\t\t\tFront-End Developer\/Designer\t\t\t<\/h1>\n\n\t\t\n\t<\/div>\n<\/div>\n\n<div id=\"divider-aadf3754dc0ced78d8d62982a089ca73\" class=\"sh-divider sh-divider-left sh-divider-content-none\">\n\t\t\t<div class=\"sh-divider-line\"><\/div>\n\t<\/div>\n\t<\/div>\n\n\n\t\t\n\n<\/div>\n<\/div>\n\n<div class=\"fw-row\">\n\t\n<div class=\"sh-column sh-column-2790acc4deb6246ff311e134d18b36b1 fw-col-xs-12 fw-col-sm-2\" >\n\n\t\n\t<div class=\"sh-column-wrapper\">\n\t\t\t<\/div>\n\n\n\t\t\n\n<\/div>\n\n<div class=\"sh-column sh-column-ab3229791cff88cb6ebf7083f3ff80a8 fw-col-xs-12 fw-col-sm-8\" >\n\n\t\n\t<div class=\"sh-column-wrapper\">\n\t\t\n<div id=\"text-block-c26d879618ecd32eeaa3cbed2aa3bf9b\" class=\"sh-text-block\">\n\t<p><strong>A VoiceInteraction procura de um Front-End Developer para integrar a sua equipa de desenvolvimento.<\/strong><\/p><\/div>\n\n<div id=\"text-block-03e212e4f9dc27565e7b1304237e2082\" class=\"sh-text-block\">\n\t<p>A equipa da VoiceInteraction \u00e9 constitu\u00edda por profissionais detentores de uma vasta experi\u00eancia no processamento computacional da fala, bem como uma forma\u00e7\u00e3o de base em \u00e1reas como a Lingu\u00edstica ou as Engenharias Electrot\u00e9cnica e Inform\u00e1tica. Para al\u00e9m das elevadas compet\u00eancias t\u00e9cnicas, o esp\u00edrito de iniciativa e o prazer em contribuir para a antecipa\u00e7\u00e3o do futuro t\u00eam sido algumas das caracter\u00edsticas identificadoras deste grupo. Queremos que fa\u00e7as parte da nossa equipa!<\/p><\/div>\n\n<div class=\"sh-heading  \" id=\"heading-a2cd1227e741a137cfcdff8b97a8b949\">\n\t<div class=\"sh-element-margin\">\n\n\t\t\n\t\t\t<h5 class=\"sh-heading-content size-default text-left\">\n\t\t\t\tO candidato ideal dever\u00e1:\t\t\t<\/h5>\n\n\t\t\n\t<\/div>\n<\/div>\n\n<div id=\"text-block-010f33e5fb619f0d374ce9c1daf417d2\" class=\"sh-text-block\">\n\t<ul><li>Ser apaixonado por desenvolvimento UI\/UX e querer aprender mais todos os dias.<\/li><li>Estar sempre pronto para um novo desafio e trazer ideias novas para a mesa<\/li><li>Ter uma capacidade elevada de aprendizagem e para trabalhar em diferentes projetos no dia-a-dia<\/li><li>M\u00ednimo de 1 ano de experi\u00eancia relevante<\/li><\/ul><\/div>\n\n<div class=\"sh-heading  \" id=\"heading-9ee1d179c0ee5d37521986cf8df401dd\">\n\t<div class=\"sh-element-margin\">\n\n\t\t\n\t\t\t<h5 class=\"sh-heading-content size-default text-left\">\n\t\t\t\tRequisitos Obrigat\u00f3rios\t\t\t<\/h5>\n\n\t\t\n\t<\/div>\n<\/div>\n\n<div id=\"text-block-1a93e50453047a524c7609e5e5a787be\" class=\"sh-text-block\">\n\t<ul><li>Licenciatura Bolonha em Inform\u00e1tica ou Engenharia Eletr\u00f3nica<\/li><li>Bases s\u00f3lidas em programa\u00e7\u00e3o orientada a objetos, estruturas de dados, algoritmos e desenvolvimento UI\/UX<\/li><li>Experi\u00eancia em:\u00a0<span style=\"font-weight: 400;\">Javascript,\u00a0<\/span><span style=\"font-weight: 400;\">Angularjs,\u00a0<\/span>HTML 5,\u00a0GIT e GITLAB<\/li><li>Conhecimentos em redes<\/li><li>Familiariza\u00e7\u00e3o com JSON\/REST<\/li><li>Aten\u00e7\u00e3o ao detalhe<\/li><\/ul><\/div>\n\n<div class=\"sh-heading  \" id=\"heading-d79a1788ebddf8371d2a8018467597c0\">\n\t<div class=\"sh-element-margin\">\n\n\t\t\n\t\t\t<h5 class=\"sh-heading-content size-default text-left\">\n\t\t\t\tNice to have\t\t\t<\/h5>\n\n\t\t\n\t<\/div>\n<\/div>\n\n<div id=\"text-block-f0b9db9ea646e384f3d3fe0fb759d087\" class=\"sh-text-block\">\n\t<ul><li>Mestrado em Inform\u00e1tica ou Engenharia Eletr\u00f3nica<\/li><\/ul><\/div>\n\n<div class=\"sh-heading  \" id=\"heading-12abf354b877f796869206de2761face\">\n\t<div class=\"sh-element-margin\">\n\n\t\t\n\t\t\t<h5 class=\"sh-heading-content size-default text-left\">\n\t\t\t\tOferecemos\t\t\t<\/h5>\n\n\t\t\n\t<\/div>\n<\/div>\n\n<div id=\"text-block-e0966c92ee2448cb36ff2eceb4a8433e\" class=\"sh-text-block\">\n\t<ul><li>Fun\u00e7\u00e3o entry-level, full-time<\/li><li>Integra\u00e7\u00e3o em equipa experiente, multifacetada e din\u00e2mica<\/li><li>Remunera\u00e7\u00e3o de acordo com experi\u00eancia demonstrada<\/li><li>Local de trabalho: escrit\u00f3rio de Lisboa<\/li><\/ul><\/div>\n\n<div id=\"divider-90269245d6a573c2b45128ef80325eac\" class=\"sh-divider sh-divider-left sh-divider-content-none\">\n\t\t\t<div class=\"sh-divider-line\"><\/div>\n\t<\/div>\n\n<div id=\"text-block-1eb18b4f63aa9928682881929e77d75e\" class=\"sh-text-block\">\n\t<p><strong>Os candidatos devem enviar CV para <a href=\"mailto:candidaturas@voiceinteraction.pt\" target=\"_blank\" rel=\"noopener\">candidaturas@voiceinteraction.pt<\/a>, com o seguinte c\u00f3digo no assunto do email: frontendvi19.<\/strong><\/p><\/div>\n\n<div id=\"divider-cbc4f9bb717fdf08f54c9e26b0279723\" class=\"sh-divider sh-divider-center sh-divider-content-none\">\n\t\t\t<div class=\"sh-divider-line\"><\/div>\n\t<\/div>\n<div class=\"shortcode-widget-area\"><div class=\"a2a_kit a2a_kit_size_32 addtoany_list\"><a class=\"a2a_button_linkedin\" href=\"https:\/\/www.addtoany.com\/add_to\/linkedin?linkurl=https%3A%2F%2Fvoice-interaction.com%2Ftmp-web%2Fpt%2Ftmp-web%2Fpt%2Fwp-json%2Fwp%2Fv2%2Fpages%2F14206%2F&amp;linkname=Sem%20t%C3%ADtulo%20%7C%20Voiceinteraction\" title=\"LinkedIn\" rel=\"nofollow noopener\" target=\"_blank\"><\/a><a class=\"a2a_button_twitter\" href=\"https:\/\/www.addtoany.com\/add_to\/twitter?linkurl=https%3A%2F%2Fvoice-interaction.com%2Ftmp-web%2Fpt%2Ftmp-web%2Fpt%2Fwp-json%2Fwp%2Fv2%2Fpages%2F14206%2F&amp;linkname=Sem%20t%C3%ADtulo%20%7C%20Voiceinteraction\" title=\"Twitter\" rel=\"nofollow noopener\" target=\"_blank\"><\/a><a class=\"a2a_button_facebook\" href=\"https:\/\/www.addtoany.com\/add_to\/facebook?linkurl=https%3A%2F%2Fvoice-interaction.com%2Ftmp-web%2Fpt%2Ftmp-web%2Fpt%2Fwp-json%2Fwp%2Fv2%2Fpages%2F14206%2F&amp;linkname=Sem%20t%C3%ADtulo%20%7C%20Voiceinteraction\" title=\"Facebook\" rel=\"nofollow noopener\" target=\"_blank\"><\/a><a class=\"a2a_button_email\" href=\"https:\/\/www.addtoany.com\/add_to\/email?linkurl=https%3A%2F%2Fvoice-interaction.com%2Ftmp-web%2Fpt%2Ftmp-web%2Fpt%2Fwp-json%2Fwp%2Fv2%2Fpages%2F14206%2F&amp;linkname=Sem%20t%C3%ADtulo%20%7C%20Voiceinteraction\" title=\"Email\" rel=\"nofollow noopener\" target=\"_blank\"><\/a><a class=\"a2a_dd addtoany_share_save addtoany_share\" href=\"https:\/\/www.addtoany.com\/share\"><\/a><\/div><\/div>\n\t<\/div>\n\n\n\t\t\n\n<\/div>\n<\/div>\n\n\t<\/div>\n<\/section>\n\n","protected":false},"excerpt":{"rendered":"<p>Front-End Developer\/Designer A VoiceInteraction procura de um Front-End Developer para integrar a sua equipa de desenvolvimento&#8230;.<\/p>\n","protected":false},"author":3,"featured_media":0,"parent":10672,"menu_order":0,"comment_status":"closed","ping_status":"closed","template":"","meta":{"_links_to":"","_links_to_target":"","footnotes":""},"class_list":["post-14206","page","type-page","status-publish","hentry"],"_links":{"self":[{"href":"https:\/\/voice-interaction.com\/tmp-web\/pt\/wp-json\/wp\/v2\/pages\/14206","targetHints":{"allow":["GET"]}}],"collection":[{"href":"https:\/\/voice-interaction.com\/tmp-web\/pt\/wp-json\/wp\/v2\/pages"}],"about":[{"href":"https:\/\/voice-interaction.com\/tmp-web\/pt\/wp-json\/wp\/v2\/types\/page"}],"author":[{"embeddable":true,"href":"https:\/\/voice-interaction.com\/tmp-web\/pt\/wp-json\/wp\/v2\/users\/3"}],"replies":[{"embeddable":true,"href":"https:\/\/voice-interaction.com\/tmp-web\/pt\/wp-json\/wp\/v2\/comments?post=14206"}],"version-history":[{"count":2,"href":"https:\/\/voice-interaction.com\/tmp-web\/pt\/wp-json\/wp\/v2\/pages\/14206\/revisions"}],"predecessor-version":[{"id":16920,"href":"https:\/\/voice-interaction.com\/tmp-web\/pt\/wp-json\/wp\/v2\/pages\/14206\/revisions\/16920"}],"up":[{"embeddable":true,"href":"https:\/\/voice-interaction.com\/tmp-web\/pt\/wp-json\/wp\/v2\/pages\/10672"}],"wp:attachment":[{"href":"https:\/\/voice-interaction.com\/tmp-web\/pt\/wp-json\/wp\/v2\/media?parent=14206"}],"curies":[{"name":"wp","href":"https:\/\/api.w.org\/{rel}","templated":true}]}}