{"id":12729,"date":"2017-11-09T18:04:02","date_gmt":"2017-11-09T18:04:02","guid":{"rendered":"https:\/\/voice-interaction.com\/tmp-web\/?page_id=12729"},"modified":"2017-11-10T12:09:47","modified_gmt":"2017-11-10T12:09:47","slug":"solucoes","status":"publish","type":"page","link":"https:\/\/voice-interaction.com\/tmp-web\/pt\/solucoes\/","title":{"rendered":"Solu\u00e7\u00f5es"},"content":{"rendered":"\n<section class=\"sh-section sh-section-4a45522a2c16b54a3a800d9ec63bd8c2 fw-main-row sh-section-visibility-everywhere\">\n\t\n\t\n\t<div class=\"sh-section-container container\">\n\t\t<div class=\"fw-row\">\n\t\n<div class=\"sh-column sh-column-a1ba11518c9d1228e990dfa3fbff319e fw-col-xs-12\" >\n\n\t\n\t<div class=\"sh-column-wrapper\">\n\t\t\n\n<div id=\"portfolio-ed132a66c29c82f35321e0b8e08e29b4\" class=\"sh-portfolio sh-portfolio-columns4 sh-portfolio-style-default\">\n\t\n\t\t\n\t\t<div class=\"category-ditado-pt category-solucoes-pt sh-portfolio-item sh-portfolio-default sh-portfolio-overlay-style-overlay3\">\n\n\t\t\t\t\t\t\t<div class=\"sh-portfolio-image\">\n\t\t\t\t\t<div class=\"sh-portfolio-image-position\">\n\t\t\t\t\t\t\t\t\t\t\t\t\t<img decoding=\"async\" class=\"sh-portfolio-img\" src=\"https:\/\/voice-interaction.com\/tmp-web\/wp-content\/uploads\/2017\/10\/voiceinteraction-solutions-3B-660x400.jpg\" alt=\"voiceinteraction-solutions-3B\" \/>\n\t\t\t\t\t\t\t\t\t\t\t<\/div>\n\n\t\t\t\t\t\n\t\t\t\t\t\t\t\t\t\t\t\t\t\t\t\t\t\t<a href=\"https:\/\/voice-interaction.com\/tmp-web\/pt\/solutions\/ditado\/\" class=\"sh-portfolio-overlay sh-portfolio-overlay3\">\n\t\t\t\t\t\t\t\t\t\t\t\n\t\t\t\t\t\t\t\t\t\t\t\t\t\n\t\t\t\t\t\t\t\t<div class=\"sh-portfolio-overlay3-data\">\n\t\t\t\t\t\t\t\t\t<div class=\"sh-portfolio-overlay3-title\">\n\t\t\t\t\t\t\t\t\t\tDitado\t\t\t\t\t\t\t\t\t<\/div>\n\t\t\t\t\t\t\t\t\tMaximize o seu tempo e esfor\u00e7o com um software\u00a0de ditado&hellip;\n\t\t\t\t\t\t\t\t\t<div class=\"sh-portfolio-overlay3-bar\">\n\t\t\t\t\t\t\t\t\t\t<div class=\"sh-table\">\n\t\t\t\t\t\t\t\t\t\t\t<div class=\"sh-portfolio-overlay1-icon sh-table-cell\">\n\t\t\t\t\t\t\t\t\t\t\t\t<i class=\"icon-link\"><\/i>\n\t\t\t\t\t\t\t\t\t\t\t<\/div>\n\t\t\t\t\t\t\t\t\t\t\t<div class=\"sh-portfolio-overlay1-categories sh-table-cell\">\n\t\t\t\t\t\t\t\t\t\t\t\t<span class=\"sh-portfolio-category\">Ditado<\/span><span class=\"sh-whitespace-small\"><\/span><span class=\"sh-portfolio-category\">Solu\u00e7\u00f5es<\/span>\t\t\t\t\t\t\t\t\t\t\t<\/div>\n\t\t\t\t\t\t\t\t\t\t<\/div>\n\t\t\t\t\t\t\t\t\t<\/div>\n\t\t\t\t\t\t\t\t<\/div>\n\n\t\t\t\t\t\t\t\t\t\t\t\t\t\n\n\t\t\t\t\t\t\t\t\t\t\t<\/a>\n\t\t\t\t\t\n\n\t\t\t\t<\/div>\n\t\t\t\n\t\t\t\n\t\t\t\t<div class=\"sh-portfolio-content-container\">\n\t\t\t\t\t\t\t\t\t\t\t\t\t\t\t\t\t\t<a href=\"https:\/\/voice-interaction.com\/tmp-web\/pt\/solutions\/ditado\/\">\n\t\t\t\t\t\t\t\t<h3 class=\"sh-portfolio-title\">\n\t\t\t\t\t\t\t\t\tDitado\t\t\t\t\t\t\t\t<\/h3>\n\t\t\t\t\t\t\t<\/a>\n\t\t\t\t\t\t\t\t\t\t\t\n\t\t\t\t\t<div class=\"sh-portfolio-description\">\n\t\t\t\t\t\tMaximize o seu tempo e esfor\u00e7o com um software\u00a0de ditado e transcri\u00e7\u00e3o que entende o que...\t\t\t\t\t<\/div>\n\t\t\t\t<\/div>\n\n\t\t\t\n\t\t\t\n\t\t\t\n\t\t<\/div>\n\t\n\t\t\n\t\t<div class=\"category-legendagem-pt category-solucoes-pt sh-portfolio-item sh-portfolio-default sh-portfolio-overlay-style-overlay3\">\n\n\t\t\t\t\t\t\t<div class=\"sh-portfolio-image\">\n\t\t\t\t\t<div class=\"sh-portfolio-image-position\">\n\t\t\t\t\t\t\t\t\t\t\t\t\t<img decoding=\"async\" class=\"sh-portfolio-img\" src=\"https:\/\/voice-interaction.com\/tmp-web\/wp-content\/uploads\/2017\/10\/voiceinteraction-solutions-8B-660x400.jpg\" alt=\"voiceinteraction-solutions-8B\" \/>\n\t\t\t\t\t\t\t\t\t\t\t<\/div>\n\n\t\t\t\t\t\n\t\t\t\t\t\t\t\t\t\t\t\t\t\t\t\t\t\t<a href=\"https:\/\/voice-interaction.com\/tmp-web\/pt\/solutions\/legendagem-automatica\/\" class=\"sh-portfolio-overlay sh-portfolio-overlay3\">\n\t\t\t\t\t\t\t\t\t\t\t\n\t\t\t\t\t\t\t\t\t\t\t\t\t\n\t\t\t\t\t\t\t\t<div class=\"sh-portfolio-overlay3-data\">\n\t\t\t\t\t\t\t\t\t<div class=\"sh-portfolio-overlay3-title\">\n\t\t\t\t\t\t\t\t\t\tLegendagem Autom\u00e1tica\t\t\t\t\t\t\t\t\t<\/div>\n\t\t\t\t\t\t\t\t\tGaranta que a informa\u00e7\u00e3o est\u00e1 acess\u00edvel para todos, at\u00e9 mesmo&hellip;\n\t\t\t\t\t\t\t\t\t<div class=\"sh-portfolio-overlay3-bar\">\n\t\t\t\t\t\t\t\t\t\t<div class=\"sh-table\">\n\t\t\t\t\t\t\t\t\t\t\t<div class=\"sh-portfolio-overlay1-icon sh-table-cell\">\n\t\t\t\t\t\t\t\t\t\t\t\t<i class=\"icon-link\"><\/i>\n\t\t\t\t\t\t\t\t\t\t\t<\/div>\n\t\t\t\t\t\t\t\t\t\t\t<div class=\"sh-portfolio-overlay1-categories sh-table-cell\">\n\t\t\t\t\t\t\t\t\t\t\t\t<span class=\"sh-portfolio-category\">Legendagem<\/span><span class=\"sh-whitespace-small\"><\/span><span class=\"sh-portfolio-category\">Solu\u00e7\u00f5es<\/span>\t\t\t\t\t\t\t\t\t\t\t<\/div>\n\t\t\t\t\t\t\t\t\t\t<\/div>\n\t\t\t\t\t\t\t\t\t<\/div>\n\t\t\t\t\t\t\t\t<\/div>\n\n\t\t\t\t\t\t\t\t\t\t\t\t\t\n\n\t\t\t\t\t\t\t\t\t\t\t<\/a>\n\t\t\t\t\t\n\n\t\t\t\t<\/div>\n\t\t\t\n\t\t\t\n\t\t\t\t<div class=\"sh-portfolio-content-container\">\n\t\t\t\t\t\t\t\t\t\t\t\t\t\t\t\t\t\t<a href=\"https:\/\/voice-interaction.com\/tmp-web\/pt\/solutions\/legendagem-automatica\/\">\n\t\t\t\t\t\t\t\t<h3 class=\"sh-portfolio-title\">\n\t\t\t\t\t\t\t\t\tLegendagem Autom\u00e1tica\t\t\t\t\t\t\t\t<\/h3>\n\t\t\t\t\t\t\t<\/a>\n\t\t\t\t\t\t\t\t\t\t\t\n\t\t\t\t\t<div class=\"sh-portfolio-description\">\n\t\t\t\t\t\tGaranta que a informa\u00e7\u00e3o est\u00e1 acess\u00edvel para todos, at\u00e9 mesmo em not\u00edcias de \u00faltima hora! Aposte...\t\t\t\t\t<\/div>\n\t\t\t\t<\/div>\n\n\t\t\t\n\t\t\t\n\t\t\t\n\t\t<\/div>\n\t\n\t\t\n\t\t<div class=\"category-monitorizacao-media-pt category-solucoes-pt sh-portfolio-item sh-portfolio-default sh-portfolio-overlay-style-overlay3\">\n\n\t\t\t\t\t\t\t<div class=\"sh-portfolio-image\">\n\t\t\t\t\t<div class=\"sh-portfolio-image-position\">\n\t\t\t\t\t\t\t\t\t\t\t\t\t<img decoding=\"async\" class=\"sh-portfolio-img\" src=\"https:\/\/voice-interaction.com\/tmp-web\/wp-content\/uploads\/2017\/10\/voiceinteraction-solutions-9B-660x400.jpg\" alt=\"voiceinteraction-solutions-9B\" \/>\n\t\t\t\t\t\t\t\t\t\t\t<\/div>\n\n\t\t\t\t\t\n\t\t\t\t\t\t\t\t\t\t\t\t\t\t\t\t\t\t<a href=\"https:\/\/voice-interaction.com\/tmp-web\/pt\/solutions\/monitorizacao-de-media\/\" class=\"sh-portfolio-overlay sh-portfolio-overlay3\">\n\t\t\t\t\t\t\t\t\t\t\t\n\t\t\t\t\t\t\t\t\t\t\t\t\t\n\t\t\t\t\t\t\t\t<div class=\"sh-portfolio-overlay3-data\">\n\t\t\t\t\t\t\t\t\t<div class=\"sh-portfolio-overlay3-title\">\n\t\t\t\t\t\t\t\t\t\tMonitoriza\u00e7\u00e3o de Media\t\t\t\t\t\t\t\t\t<\/div>\n\t\t\t\t\t\t\t\t\tMonitorize a imagem corporativa da sua empresa e dos seus&hellip;\n\t\t\t\t\t\t\t\t\t<div class=\"sh-portfolio-overlay3-bar\">\n\t\t\t\t\t\t\t\t\t\t<div class=\"sh-table\">\n\t\t\t\t\t\t\t\t\t\t\t<div class=\"sh-portfolio-overlay1-icon sh-table-cell\">\n\t\t\t\t\t\t\t\t\t\t\t\t<i class=\"icon-link\"><\/i>\n\t\t\t\t\t\t\t\t\t\t\t<\/div>\n\t\t\t\t\t\t\t\t\t\t\t<div class=\"sh-portfolio-overlay1-categories sh-table-cell\">\n\t\t\t\t\t\t\t\t\t\t\t\t<span class=\"sh-portfolio-category\">Monitoriza\u00e7\u00e3o de Media<\/span><span class=\"sh-whitespace-small\"><\/span><span class=\"sh-portfolio-category\">Solu\u00e7\u00f5es<\/span>\t\t\t\t\t\t\t\t\t\t\t<\/div>\n\t\t\t\t\t\t\t\t\t\t<\/div>\n\t\t\t\t\t\t\t\t\t<\/div>\n\t\t\t\t\t\t\t\t<\/div>\n\n\t\t\t\t\t\t\t\t\t\t\t\t\t\n\n\t\t\t\t\t\t\t\t\t\t\t<\/a>\n\t\t\t\t\t\n\n\t\t\t\t<\/div>\n\t\t\t\n\t\t\t\n\t\t\t\t<div class=\"sh-portfolio-content-container\">\n\t\t\t\t\t\t\t\t\t\t\t\t\t\t\t\t\t\t<a href=\"https:\/\/voice-interaction.com\/tmp-web\/pt\/solutions\/monitorizacao-de-media\/\">\n\t\t\t\t\t\t\t\t<h3 class=\"sh-portfolio-title\">\n\t\t\t\t\t\t\t\t\tMonitoriza\u00e7\u00e3o de Media\t\t\t\t\t\t\t\t<\/h3>\n\t\t\t\t\t\t\t<\/a>\n\t\t\t\t\t\t\t\t\t\t\t\n\t\t\t\t\t<div class=\"sh-portfolio-description\">\n\t\t\t\t\t\tMonitorize a imagem corporativa da sua empresa e dos seus concorrentes. Sistema autom\u00e1tico para transcri\u00e7\u00e3o, segmenta\u00e7\u00e3o...\t\t\t\t\t<\/div>\n\t\t\t\t<\/div>\n\n\t\t\t\n\t\t\t\n\t\t\t\n\t\t<\/div>\n\t\n\t\t\n\t\t<div class=\"category-monitorizacao-media-broadcast-pt category-solucoes-pt sh-portfolio-item sh-portfolio-default sh-portfolio-overlay-style-overlay3\">\n\n\t\t\t\t\t\t\t<div class=\"sh-portfolio-image\">\n\t\t\t\t\t<div class=\"sh-portfolio-image-position\">\n\t\t\t\t\t\t\t\t\t\t\t\t\t<img decoding=\"async\" class=\"sh-portfolio-img\" src=\"https:\/\/voice-interaction.com\/tmp-web\/wp-content\/uploads\/2017\/10\/voiceinteraction-solutions-7B-660x400.jpg\" alt=\"voiceinteraction-solutions-7B\" \/>\n\t\t\t\t\t\t\t\t\t\t\t<\/div>\n\n\t\t\t\t\t\n\t\t\t\t\t\t\t\t\t\t\t\t\t\t\t\t\t\t<a href=\"https:\/\/voice-interaction.com\/tmp-web\/pt\/solutions\/monitorizacao-de-media-tv\/\" class=\"sh-portfolio-overlay sh-portfolio-overlay3\">\n\t\t\t\t\t\t\t\t\t\t\t\n\t\t\t\t\t\t\t\t\t\t\t\t\t\n\t\t\t\t\t\t\t\t<div class=\"sh-portfolio-overlay3-data\">\n\t\t\t\t\t\t\t\t\t<div class=\"sh-portfolio-overlay3-title\">\n\t\t\t\t\t\t\t\t\t\tMonitoriza\u00e7\u00e3o de Media &#8211; TV\t\t\t\t\t\t\t\t\t<\/div>\n\t\t\t\t\t\t\t\t\tMais informa\u00e7\u00e3o sobre os seus conte\u00fados em toda a sua&hellip;\n\t\t\t\t\t\t\t\t\t<div class=\"sh-portfolio-overlay3-bar\">\n\t\t\t\t\t\t\t\t\t\t<div class=\"sh-table\">\n\t\t\t\t\t\t\t\t\t\t\t<div class=\"sh-portfolio-overlay1-icon sh-table-cell\">\n\t\t\t\t\t\t\t\t\t\t\t\t<i class=\"icon-link\"><\/i>\n\t\t\t\t\t\t\t\t\t\t\t<\/div>\n\t\t\t\t\t\t\t\t\t\t\t<div class=\"sh-portfolio-overlay1-categories sh-table-cell\">\n\t\t\t\t\t\t\t\t\t\t\t\t<span class=\"sh-portfolio-category\">Monitoriza\u00e7\u00e3o de Media - Broadcast<\/span><span class=\"sh-whitespace-small\"><\/span><span class=\"sh-portfolio-category\">Solu\u00e7\u00f5es<\/span>\t\t\t\t\t\t\t\t\t\t\t<\/div>\n\t\t\t\t\t\t\t\t\t\t<\/div>\n\t\t\t\t\t\t\t\t\t<\/div>\n\t\t\t\t\t\t\t\t<\/div>\n\n\t\t\t\t\t\t\t\t\t\t\t\t\t\n\n\t\t\t\t\t\t\t\t\t\t\t<\/a>\n\t\t\t\t\t\n\n\t\t\t\t<\/div>\n\t\t\t\n\t\t\t\n\t\t\t\t<div class=\"sh-portfolio-content-container\">\n\t\t\t\t\t\t\t\t\t\t\t\t\t\t\t\t\t\t<a href=\"https:\/\/voice-interaction.com\/tmp-web\/pt\/solutions\/monitorizacao-de-media-tv\/\">\n\t\t\t\t\t\t\t\t<h3 class=\"sh-portfolio-title\">\n\t\t\t\t\t\t\t\t\tMonitoriza\u00e7\u00e3o de Media &#8211; TV\t\t\t\t\t\t\t\t<\/h3>\n\t\t\t\t\t\t\t<\/a>\n\t\t\t\t\t\t\t\t\t\t\t\n\t\t\t\t\t<div class=\"sh-portfolio-description\">\n\t\t\t\t\t\tMais informa\u00e7\u00e3o sobre os seus conte\u00fados em toda a sua rede de canais de televis\u00e3o. Sistema...\t\t\t\t\t<\/div>\n\t\t\t\t<\/div>\n\n\t\t\t\n\t\t\t\n\t\t\t\n\t\t<\/div>\n\t\n\t\t\n\t\t<div class=\"category-quiosques-interativos-pt category-solucoes-pt sh-portfolio-item sh-portfolio-default sh-portfolio-overlay-style-overlay3\">\n\n\t\t\t\t\t\t\t<div class=\"sh-portfolio-image\">\n\t\t\t\t\t<div class=\"sh-portfolio-image-position\">\n\t\t\t\t\t\t\t\t\t\t\t\t\t<img decoding=\"async\" class=\"sh-portfolio-img\" src=\"https:\/\/voice-interaction.com\/tmp-web\/wp-content\/uploads\/2017\/10\/voiceinteraction-solutions-2-660x400.jpg\" alt=\"voiceinteraction-solutions-2\" \/>\n\t\t\t\t\t\t\t\t\t\t\t<\/div>\n\n\t\t\t\t\t\n\t\t\t\t\t\t\t\t\t\t\t\t\t\t\t\t\t\t<a href=\"https:\/\/voice-interaction.com\/tmp-web\/pt\/solutions\/quiosques-interativos\/\" class=\"sh-portfolio-overlay sh-portfolio-overlay3\">\n\t\t\t\t\t\t\t\t\t\t\t\n\t\t\t\t\t\t\t\t\t\t\t\t\t\n\t\t\t\t\t\t\t\t<div class=\"sh-portfolio-overlay3-data\">\n\t\t\t\t\t\t\t\t\t<div class=\"sh-portfolio-overlay3-title\">\n\t\t\t\t\t\t\t\t\t\tQuiosques Interativos\t\t\t\t\t\t\t\t\t<\/div>\n\t\t\t\t\t\t\t\t\tSistemas de Atendimento Autom\u00e1tico \u2013 Cria\u00e7\u00e3o de um agente virtual&hellip;\n\t\t\t\t\t\t\t\t\t<div class=\"sh-portfolio-overlay3-bar\">\n\t\t\t\t\t\t\t\t\t\t<div class=\"sh-table\">\n\t\t\t\t\t\t\t\t\t\t\t<div class=\"sh-portfolio-overlay1-icon sh-table-cell\">\n\t\t\t\t\t\t\t\t\t\t\t\t<i class=\"icon-link\"><\/i>\n\t\t\t\t\t\t\t\t\t\t\t<\/div>\n\t\t\t\t\t\t\t\t\t\t\t<div class=\"sh-portfolio-overlay1-categories sh-table-cell\">\n\t\t\t\t\t\t\t\t\t\t\t\t<span class=\"sh-portfolio-category\">Quiosques Interativos<\/span><span class=\"sh-whitespace-small\"><\/span><span class=\"sh-portfolio-category\">Solu\u00e7\u00f5es<\/span>\t\t\t\t\t\t\t\t\t\t\t<\/div>\n\t\t\t\t\t\t\t\t\t\t<\/div>\n\t\t\t\t\t\t\t\t\t<\/div>\n\t\t\t\t\t\t\t\t<\/div>\n\n\t\t\t\t\t\t\t\t\t\t\t\t\t\n\n\t\t\t\t\t\t\t\t\t\t\t<\/a>\n\t\t\t\t\t\n\n\t\t\t\t<\/div>\n\t\t\t\n\t\t\t\n\t\t\t\t<div class=\"sh-portfolio-content-container\">\n\t\t\t\t\t\t\t\t\t\t\t\t\t\t\t\t\t\t<a href=\"https:\/\/voice-interaction.com\/tmp-web\/pt\/solutions\/quiosques-interativos\/\">\n\t\t\t\t\t\t\t\t<h3 class=\"sh-portfolio-title\">\n\t\t\t\t\t\t\t\t\tQuiosques Interativos\t\t\t\t\t\t\t\t<\/h3>\n\t\t\t\t\t\t\t<\/a>\n\t\t\t\t\t\t\t\t\t\t\t\n\t\t\t\t\t<div class=\"sh-portfolio-description\">\n\t\t\t\t\t\tSistemas de Atendimento Autom\u00e1tico \u2013 Cria\u00e7\u00e3o de um agente virtual interactivo capaz de responder a perguntas...\t\t\t\t\t<\/div>\n\t\t\t\t<\/div>\n\n\t\t\t\n\t\t\t\n\t\t\t\n\t\t<\/div>\n\t\n\t\t\n\t\t<div class=\"category-solucoes-pt category-speech-analytics-pt sh-portfolio-item sh-portfolio-default sh-portfolio-overlay-style-overlay3\">\n\n\t\t\t\t\t\t\t<div class=\"sh-portfolio-image\">\n\t\t\t\t\t<div class=\"sh-portfolio-image-position\">\n\t\t\t\t\t\t\t\t\t\t\t\t\t<img decoding=\"async\" class=\"sh-portfolio-img\" src=\"https:\/\/voice-interaction.com\/tmp-web\/wp-content\/uploads\/2017\/10\/voiceinteraction-solutions-4C-660x400.jpg\" alt=\"voiceinteraction-solutions-4C\" \/>\n\t\t\t\t\t\t\t\t\t\t\t<\/div>\n\n\t\t\t\t\t\n\t\t\t\t\t\t\t\t\t\t\t\t\t\t\t\t\t\t<a href=\"https:\/\/voice-interaction.com\/tmp-web\/pt\/solutions\/speech-analytics\/\" class=\"sh-portfolio-overlay sh-portfolio-overlay3\">\n\t\t\t\t\t\t\t\t\t\t\t\n\t\t\t\t\t\t\t\t\t\t\t\t\t\n\t\t\t\t\t\t\t\t<div class=\"sh-portfolio-overlay3-data\">\n\t\t\t\t\t\t\t\t\t<div class=\"sh-portfolio-overlay3-title\">\n\t\t\t\t\t\t\t\t\t\tSpeech Analytics\t\t\t\t\t\t\t\t\t<\/div>\n\t\t\t\t\t\t\t\t\tBaseado numa tecnologia inovadora de\u00a0reconhecimento autom\u00e1tica de fala (ASR)\u00a0e sintetizador&hellip;\n\t\t\t\t\t\t\t\t\t<div class=\"sh-portfolio-overlay3-bar\">\n\t\t\t\t\t\t\t\t\t\t<div class=\"sh-table\">\n\t\t\t\t\t\t\t\t\t\t\t<div class=\"sh-portfolio-overlay1-icon sh-table-cell\">\n\t\t\t\t\t\t\t\t\t\t\t\t<i class=\"icon-link\"><\/i>\n\t\t\t\t\t\t\t\t\t\t\t<\/div>\n\t\t\t\t\t\t\t\t\t\t\t<div class=\"sh-portfolio-overlay1-categories sh-table-cell\">\n\t\t\t\t\t\t\t\t\t\t\t\t<span class=\"sh-portfolio-category\">Solu\u00e7\u00f5es<\/span><span class=\"sh-whitespace-small\"><\/span><span class=\"sh-portfolio-category\">Speech Analytics<\/span>\t\t\t\t\t\t\t\t\t\t\t<\/div>\n\t\t\t\t\t\t\t\t\t\t<\/div>\n\t\t\t\t\t\t\t\t\t<\/div>\n\t\t\t\t\t\t\t\t<\/div>\n\n\t\t\t\t\t\t\t\t\t\t\t\t\t\n\n\t\t\t\t\t\t\t\t\t\t\t<\/a>\n\t\t\t\t\t\n\n\t\t\t\t<\/div>\n\t\t\t\n\t\t\t\n\t\t\t\t<div class=\"sh-portfolio-content-container\">\n\t\t\t\t\t\t\t\t\t\t\t\t\t\t\t\t\t\t<a href=\"https:\/\/voice-interaction.com\/tmp-web\/pt\/solutions\/speech-analytics\/\">\n\t\t\t\t\t\t\t\t<h3 class=\"sh-portfolio-title\">\n\t\t\t\t\t\t\t\t\tSpeech Analytics\t\t\t\t\t\t\t\t<\/h3>\n\t\t\t\t\t\t\t<\/a>\n\t\t\t\t\t\t\t\t\t\t\t\n\t\t\t\t\t<div class=\"sh-portfolio-description\">\n\t\t\t\t\t\tBaseado numa tecnologia inovadora de\u00a0reconhecimento autom\u00e1tica de fala (ASR)\u00a0e sintetizador de fala (TTS) de elevada\u00a0fiabilidade e...\t\t\t\t\t<\/div>\n\t\t\t\t<\/div>\n\n\t\t\t\n\t\t\t\n\t\t\t\n\t\t<\/div>\n\t\n\t\t\n\t\t<div class=\"category-solucoes-pt category-transcricao-offline-pt sh-portfolio-item sh-portfolio-default sh-portfolio-overlay-style-overlay3\">\n\n\t\t\t\t\t\t\t<div class=\"sh-portfolio-image\">\n\t\t\t\t\t<div class=\"sh-portfolio-image-position\">\n\t\t\t\t\t\t\t\t\t\t\t\t\t<img decoding=\"async\" class=\"sh-portfolio-img\" src=\"https:\/\/voice-interaction.com\/tmp-web\/wp-content\/uploads\/2017\/10\/voiceinteraction-solutions-5B-660x400.jpg\" alt=\"voiceinteraction-solutions-5B\" \/>\n\t\t\t\t\t\t\t\t\t\t\t<\/div>\n\n\t\t\t\t\t\n\t\t\t\t\t\t\t\t\t\t\t\t\t\t\t\t\t\t<a href=\"https:\/\/voice-interaction.com\/tmp-web\/pt\/solutions\/transcricao-automatica\/\" class=\"sh-portfolio-overlay sh-portfolio-overlay3\">\n\t\t\t\t\t\t\t\t\t\t\t\n\t\t\t\t\t\t\t\t\t\t\t\t\t\n\t\t\t\t\t\t\t\t<div class=\"sh-portfolio-overlay3-data\">\n\t\t\t\t\t\t\t\t\t<div class=\"sh-portfolio-overlay3-title\">\n\t\t\t\t\t\t\t\t\t\tTranscri\u00e7\u00e3o Autom\u00e1tica\t\t\t\t\t\t\t\t\t<\/div>\n\t\t\t\t\t\t\t\t\tTransforme os seus arquivos audiovisuais em documentos textuais, de forma&hellip;\n\t\t\t\t\t\t\t\t\t<div class=\"sh-portfolio-overlay3-bar\">\n\t\t\t\t\t\t\t\t\t\t<div class=\"sh-table\">\n\t\t\t\t\t\t\t\t\t\t\t<div class=\"sh-portfolio-overlay1-icon sh-table-cell\">\n\t\t\t\t\t\t\t\t\t\t\t\t<i class=\"icon-link\"><\/i>\n\t\t\t\t\t\t\t\t\t\t\t<\/div>\n\t\t\t\t\t\t\t\t\t\t\t<div class=\"sh-portfolio-overlay1-categories sh-table-cell\">\n\t\t\t\t\t\t\t\t\t\t\t\t<span class=\"sh-portfolio-category\">Solu\u00e7\u00f5es<\/span><span class=\"sh-whitespace-small\"><\/span><span class=\"sh-portfolio-category\">Transcri\u00e7\u00e3o Offline<\/span>\t\t\t\t\t\t\t\t\t\t\t<\/div>\n\t\t\t\t\t\t\t\t\t\t<\/div>\n\t\t\t\t\t\t\t\t\t<\/div>\n\t\t\t\t\t\t\t\t<\/div>\n\n\t\t\t\t\t\t\t\t\t\t\t\t\t\n\n\t\t\t\t\t\t\t\t\t\t\t<\/a>\n\t\t\t\t\t\n\n\t\t\t\t<\/div>\n\t\t\t\n\t\t\t\n\t\t\t\t<div class=\"sh-portfolio-content-container\">\n\t\t\t\t\t\t\t\t\t\t\t\t\t\t\t\t\t\t<a href=\"https:\/\/voice-interaction.com\/tmp-web\/pt\/solutions\/transcricao-automatica\/\">\n\t\t\t\t\t\t\t\t<h3 class=\"sh-portfolio-title\">\n\t\t\t\t\t\t\t\t\tTranscri\u00e7\u00e3o Autom\u00e1tica\t\t\t\t\t\t\t\t<\/h3>\n\t\t\t\t\t\t\t<\/a>\n\t\t\t\t\t\t\t\t\t\t\t\n\t\t\t\t\t<div class=\"sh-portfolio-description\">\n\t\t\t\t\t\tTransforme os seus arquivos audiovisuais em documentos textuais, de forma r\u00e1pida e autom\u00e1tica.\u00a0 O AUDIMUS.SERVER produz...\t\t\t\t\t<\/div>\n\t\t\t\t<\/div>\n\n\t\t\t\n\t\t\t\n\t\t\t\n\t\t<\/div>\n\t<\/div>\n\t<\/div>\n\n\n\t\t\n\n<\/div>\n<\/div>\n\n\t<\/div>\n<\/section>\n\n","protected":false},"excerpt":{"rendered":"<p>Transforme os seus arquivos audiovisuais em documentos textuais, de forma r\u00e1pida e autom\u00e1tica.\u00a0 O AUDIMUS.SERVER produz&#8230;<\/p>\n","protected":false},"author":2,"featured_media":0,"parent":0,"menu_order":0,"comment_status":"closed","ping_status":"closed","template":"","meta":{"_links_to":"","_links_to_target":"","footnotes":""},"class_list":["post-12729","page","type-page","status-publish","hentry"],"_links":{"self":[{"href":"https:\/\/voice-interaction.com\/tmp-web\/pt\/wp-json\/wp\/v2\/pages\/12729","targetHints":{"allow":["GET"]}}],"collection":[{"href":"https:\/\/voice-interaction.com\/tmp-web\/pt\/wp-json\/wp\/v2\/pages"}],"about":[{"href":"https:\/\/voice-interaction.com\/tmp-web\/pt\/wp-json\/wp\/v2\/types\/page"}],"author":[{"embeddable":true,"href":"https:\/\/voice-interaction.com\/tmp-web\/pt\/wp-json\/wp\/v2\/users\/2"}],"replies":[{"embeddable":true,"href":"https:\/\/voice-interaction.com\/tmp-web\/pt\/wp-json\/wp\/v2\/comments?post=12729"}],"version-history":[{"count":0,"href":"https:\/\/voice-interaction.com\/tmp-web\/pt\/wp-json\/wp\/v2\/pages\/12729\/revisions"}],"wp:attachment":[{"href":"https:\/\/voice-interaction.com\/tmp-web\/pt\/wp-json\/wp\/v2\/media?parent=12729"}],"curies":[{"name":"wp","href":"https:\/\/api.w.org\/{rel}","templated":true}]}}