{"id":10675,"date":"2017-03-26T22:33:43","date_gmt":"2017-03-26T22:33:43","guid":{"rendered":"https:\/\/voice-interaction.com\/tmp-web\/industries\/"},"modified":"2018-10-14T10:50:05","modified_gmt":"2018-10-14T10:50:05","slug":"industries","status":"publish","type":"page","link":"https:\/\/voice-interaction.com\/tmp-web\/br\/industries\/","title":{"rendered":"Ind\u00fastrias"},"content":{"rendered":"\n<section class=\"sh-section sh-section-76a83c5762bb4fa138ad48d32f3852ae fw-main-row sh-section-visibility-everywhere\">\n\t\n\t\n\t<div class=\"sh-section-container container\">\n\t\t<div class=\"fw-row\">\n\t\n<div class=\"sh-column sh-column-9d7d0259d791849bc4aadad5751068a6 fw-col-xs-12\" >\n\n\t\n\t<div class=\"sh-column-wrapper\">\n\t\t\n\n<div id=\"portfolio-65ec55318c4383988a97f68171b8c2d9\" class=\"sh-portfolio sh-portfolio-columns3 sh-portfolio-style-default\">\n\t\n\t\t\n\t\t<div class=\"category-educacao_cultura-br category-industrias-br sh-portfolio-item sh-portfolio-default sh-portfolio-overlay-style-overlay3\">\n\n\t\t\t\t\t\t\t<div class=\"sh-portfolio-image\">\n\t\t\t\t\t<div class=\"sh-portfolio-image-position\">\n\t\t\t\t\t\t\t\t\t\t\t\t\t<img decoding=\"async\" class=\"sh-portfolio-img\" src=\"https:\/\/voice-interaction.com\/tmp-web\/wp-content\/uploads\/2017\/10\/voiceinteraction-markets-3-660x400.jpg\" alt=\"voiceinteraction-markets-3\" \/>\n\t\t\t\t\t\t\t\t\t\t\t<\/div>\n\n\t\t\t\t\t\n\t\t\t\t\t\t\t\t\t\t\t\t\t\t\t\t\t\t<a href=\"https:\/\/voice-interaction.com\/tmp-web\/br\/solutions\/educacao-cultura\/\" class=\"sh-portfolio-overlay sh-portfolio-overlay3\">\n\t\t\t\t\t\t\t\t\t\t\t\n\t\t\t\t\t\t\t\t\t\t\t\t\t\n\t\t\t\t\t\t\t\t<div class=\"sh-portfolio-overlay3-data\">\n\t\t\t\t\t\t\t\t\t<div class=\"sh-portfolio-overlay3-title\">\n\t\t\t\t\t\t\t\t\t\tEduca\u00e7\u00e3o &#038; Cultura\t\t\t\t\t\t\t\t\t<\/div>\n\t\t\t\t\t\t\t\t\tConhecimento acess\u00edvel a todos. ORGANIZA\u00c7\u00d5ES UNIVERSIDADES ESCOLAS ENSINO ONLINE MUSEUS&hellip;\n\t\t\t\t\t\t\t\t\t<div class=\"sh-portfolio-overlay3-bar\">\n\t\t\t\t\t\t\t\t\t\t<div class=\"sh-table\">\n\t\t\t\t\t\t\t\t\t\t\t<div class=\"sh-portfolio-overlay1-icon sh-table-cell\">\n\t\t\t\t\t\t\t\t\t\t\t\t<i class=\"icon-link\"><\/i>\n\t\t\t\t\t\t\t\t\t\t\t<\/div>\n\t\t\t\t\t\t\t\t\t\t\t<div class=\"sh-portfolio-overlay1-categories sh-table-cell\">\n\t\t\t\t\t\t\t\t\t\t\t\t<span class=\"sh-portfolio-category\">Educa\u00e7\u00e3o e Cultura<\/span><span class=\"sh-whitespace-small\"><\/span><span class=\"sh-portfolio-category\">Ind\u00fastrias<\/span>\t\t\t\t\t\t\t\t\t\t\t<\/div>\n\t\t\t\t\t\t\t\t\t\t<\/div>\n\t\t\t\t\t\t\t\t\t<\/div>\n\t\t\t\t\t\t\t\t<\/div>\n\n\t\t\t\t\t\t\t\t\t\t\t\t\t\n\n\t\t\t\t\t\t\t\t\t\t\t<\/a>\n\t\t\t\t\t\n\n\t\t\t\t<\/div>\n\t\t\t\n\t\t\t\n\t\t\t\t<div class=\"sh-portfolio-content-container\">\n\t\t\t\t\t\t\t\t\t\t\t\t\t\t\t\t\t\t<a href=\"https:\/\/voice-interaction.com\/tmp-web\/br\/solutions\/transcricao-automatica\/\">\n\t\t\t\t\t\t\t\t<h3 class=\"sh-portfolio-title\">\n\t\t\t\t\t\t\t\t\tTranscri\u00e7\u00e3o Autom\u00e1tica\t\t\t\t\t\t\t\t<\/h3>\n\t\t\t\t\t\t\t<\/a>\n\t\t\t\t\t\t\t\t\t\t\t\n\t\t\t\t\t<div class=\"sh-portfolio-description\">\n\t\t\t\t\t\tTransforme seus arquivos audiovisuais em documentos textuais, de forma r\u00e1pida, rigorosa e autom\u00e1tica.\u00a0 O AUDIMUS.SERVER produz...\t\t\t\t\t<\/div>\n\t\t\t\t<\/div>\n\n\t\t\t\n\t\t\t\n\t\t\t\n\t\t<\/div>\n\t\n\t\t\n\t\t<div class=\"category-empresarial-br category-industrias-br sh-portfolio-item sh-portfolio-default sh-portfolio-overlay-style-overlay3\">\n\n\t\t\t\t\t\t\t<div class=\"sh-portfolio-image\">\n\t\t\t\t\t<div class=\"sh-portfolio-image-position\">\n\t\t\t\t\t\t\t\t\t\t\t\t\t<img decoding=\"async\" class=\"sh-portfolio-img\" src=\"https:\/\/voice-interaction.com\/tmp-web\/wp-content\/uploads\/2017\/10\/voiceinteraction-markets-1-660x400.jpg\" alt=\"voiceinteraction-markets-1\" \/>\n\t\t\t\t\t\t\t\t\t\t\t<\/div>\n\n\t\t\t\t\t\n\t\t\t\t\t\t\t\t\t\t\t\t\t\t\t\t\t\t<a href=\"https:\/\/voice-interaction.com\/tmp-web\/br\/solutions\/empresarial\/\" class=\"sh-portfolio-overlay sh-portfolio-overlay3\">\n\t\t\t\t\t\t\t\t\t\t\t\n\t\t\t\t\t\t\t\t\t\t\t\t\t\n\t\t\t\t\t\t\t\t<div class=\"sh-portfolio-overlay3-data\">\n\t\t\t\t\t\t\t\t\t<div class=\"sh-portfolio-overlay3-title\">\n\t\t\t\t\t\t\t\t\t\tEmpresarial\t\t\t\t\t\t\t\t\t<\/div>\n\t\t\t\t\t\t\t\t\tImpulsione a moderniza\u00e7\u00e3o administrativa da sua empresa com tecnologias inovadoras&hellip;\n\t\t\t\t\t\t\t\t\t<div class=\"sh-portfolio-overlay3-bar\">\n\t\t\t\t\t\t\t\t\t\t<div class=\"sh-table\">\n\t\t\t\t\t\t\t\t\t\t\t<div class=\"sh-portfolio-overlay1-icon sh-table-cell\">\n\t\t\t\t\t\t\t\t\t\t\t\t<i class=\"icon-link\"><\/i>\n\t\t\t\t\t\t\t\t\t\t\t<\/div>\n\t\t\t\t\t\t\t\t\t\t\t<div class=\"sh-portfolio-overlay1-categories sh-table-cell\">\n\t\t\t\t\t\t\t\t\t\t\t\t<span class=\"sh-portfolio-category\">Empresarial<\/span><span class=\"sh-whitespace-small\"><\/span><span class=\"sh-portfolio-category\">Ind\u00fastrias<\/span>\t\t\t\t\t\t\t\t\t\t\t<\/div>\n\t\t\t\t\t\t\t\t\t\t<\/div>\n\t\t\t\t\t\t\t\t\t<\/div>\n\t\t\t\t\t\t\t\t<\/div>\n\n\t\t\t\t\t\t\t\t\t\t\t\t\t\n\n\t\t\t\t\t\t\t\t\t\t\t<\/a>\n\t\t\t\t\t\n\n\t\t\t\t<\/div>\n\t\t\t\n\t\t\t\n\t\t\t\t<div class=\"sh-portfolio-content-container\">\n\t\t\t\t\t\t\t\t\t\t\t\t\t\t\t\t\t\t<a href=\"https:\/\/voice-interaction.com\/tmp-web\/br\/solutions\/transcricao-automatica\/\">\n\t\t\t\t\t\t\t\t<h3 class=\"sh-portfolio-title\">\n\t\t\t\t\t\t\t\t\tTranscri\u00e7\u00e3o Autom\u00e1tica\t\t\t\t\t\t\t\t<\/h3>\n\t\t\t\t\t\t\t<\/a>\n\t\t\t\t\t\t\t\t\t\t\t\n\t\t\t\t\t<div class=\"sh-portfolio-description\">\n\t\t\t\t\t\tTransforme seus arquivos audiovisuais em documentos textuais, de forma r\u00e1pida, rigorosa e autom\u00e1tica.\u00a0 O AUDIMUS.SERVER produz...\t\t\t\t\t<\/div>\n\t\t\t\t<\/div>\n\n\t\t\t\n\t\t\t\n\t\t\t\n\t\t<\/div>\n\t\n\t\t\n\t\t<div class=\"category-governo-br category-industrias-br sh-portfolio-item sh-portfolio-default sh-portfolio-overlay-style-overlay3\">\n\n\t\t\t\t\t\t\t<div class=\"sh-portfolio-image\">\n\t\t\t\t\t<div class=\"sh-portfolio-image-position\">\n\t\t\t\t\t\t\t\t\t\t\t\t\t<img decoding=\"async\" class=\"sh-portfolio-img\" src=\"https:\/\/voice-interaction.com\/tmp-web\/wp-content\/uploads\/2017\/10\/voiceinteraction-markets-7-660x400.jpg\" alt=\"voiceinteraction-markets-7\" \/>\n\t\t\t\t\t\t\t\t\t\t\t<\/div>\n\n\t\t\t\t\t\n\t\t\t\t\t\t\t\t\t\t\t\t\t\t\t\t\t\t<a href=\"https:\/\/voice-interaction.com\/tmp-web\/br\/solutions\/governo\/\" class=\"sh-portfolio-overlay sh-portfolio-overlay3\">\n\t\t\t\t\t\t\t\t\t\t\t\n\t\t\t\t\t\t\t\t\t\t\t\t\t\n\t\t\t\t\t\t\t\t<div class=\"sh-portfolio-overlay3-data\">\n\t\t\t\t\t\t\t\t\t<div class=\"sh-portfolio-overlay3-title\">\n\t\t\t\t\t\t\t\t\t\tGoverno\t\t\t\t\t\t\t\t\t<\/div>\n\t\t\t\t\t\t\t\t\tInova\u00e7\u00e3o e moderniza\u00e7\u00e3o administrativa com tecnologias de reconhecimento de fala.&hellip;\n\t\t\t\t\t\t\t\t\t<div class=\"sh-portfolio-overlay3-bar\">\n\t\t\t\t\t\t\t\t\t\t<div class=\"sh-table\">\n\t\t\t\t\t\t\t\t\t\t\t<div class=\"sh-portfolio-overlay1-icon sh-table-cell\">\n\t\t\t\t\t\t\t\t\t\t\t\t<i class=\"icon-link\"><\/i>\n\t\t\t\t\t\t\t\t\t\t\t<\/div>\n\t\t\t\t\t\t\t\t\t\t\t<div class=\"sh-portfolio-overlay1-categories sh-table-cell\">\n\t\t\t\t\t\t\t\t\t\t\t\t<span class=\"sh-portfolio-category\">Governo<\/span><span class=\"sh-whitespace-small\"><\/span><span class=\"sh-portfolio-category\">Ind\u00fastrias<\/span>\t\t\t\t\t\t\t\t\t\t\t<\/div>\n\t\t\t\t\t\t\t\t\t\t<\/div>\n\t\t\t\t\t\t\t\t\t<\/div>\n\t\t\t\t\t\t\t\t<\/div>\n\n\t\t\t\t\t\t\t\t\t\t\t\t\t\n\n\t\t\t\t\t\t\t\t\t\t\t<\/a>\n\t\t\t\t\t\n\n\t\t\t\t<\/div>\n\t\t\t\n\t\t\t\n\t\t\t\t<div class=\"sh-portfolio-content-container\">\n\t\t\t\t\t\t\t\t\t\t\t\t\t\t\t\t\t\t<a href=\"https:\/\/voice-interaction.com\/tmp-web\/br\/solutions\/transcricao-automatica\/\">\n\t\t\t\t\t\t\t\t<h3 class=\"sh-portfolio-title\">\n\t\t\t\t\t\t\t\t\tTranscri\u00e7\u00e3o Autom\u00e1tica\t\t\t\t\t\t\t\t<\/h3>\n\t\t\t\t\t\t\t<\/a>\n\t\t\t\t\t\t\t\t\t\t\t\n\t\t\t\t\t<div class=\"sh-portfolio-description\">\n\t\t\t\t\t\tTransforme seus arquivos audiovisuais em documentos textuais, de forma r\u00e1pida, rigorosa e autom\u00e1tica.\u00a0 O AUDIMUS.SERVER produz...\t\t\t\t\t<\/div>\n\t\t\t\t<\/div>\n\n\t\t\t\n\t\t\t\n\t\t\t\n\t\t<\/div>\n\t\n\t\t\n\t\t<div class=\"category-industrias-br category-saude-br sh-portfolio-item sh-portfolio-default sh-portfolio-overlay-style-overlay3\">\n\n\t\t\t\t\t\t\t<div class=\"sh-portfolio-image\">\n\t\t\t\t\t<div class=\"sh-portfolio-image-position\">\n\t\t\t\t\t\t\t\t\t\t\t\t\t<img decoding=\"async\" class=\"sh-portfolio-img\" src=\"https:\/\/voice-interaction.com\/tmp-web\/wp-content\/uploads\/2017\/10\/voiceinteraction-markets-4-660x400.jpg\" alt=\"voiceinteraction-markets-4\" \/>\n\t\t\t\t\t\t\t\t\t\t\t<\/div>\n\n\t\t\t\t\t\n\t\t\t\t\t\t\t\t\t\t\t\t\t\t\t\t\t\t<a href=\"https:\/\/voice-interaction.com\/tmp-web\/br\/solutions\/saude\/\" class=\"sh-portfolio-overlay sh-portfolio-overlay3\">\n\t\t\t\t\t\t\t\t\t\t\t\n\t\t\t\t\t\t\t\t\t\t\t\t\t\n\t\t\t\t\t\t\t\t<div class=\"sh-portfolio-overlay3-data\">\n\t\t\t\t\t\t\t\t\t<div class=\"sh-portfolio-overlay3-title\">\n\t\t\t\t\t\t\t\t\t\tSa\u00fade\t\t\t\t\t\t\t\t\t<\/div>\n\t\t\t\t\t\t\t\t\tPorque os profissionais m\u00e9dicos precisam de se focar no que&hellip;\n\t\t\t\t\t\t\t\t\t<div class=\"sh-portfolio-overlay3-bar\">\n\t\t\t\t\t\t\t\t\t\t<div class=\"sh-table\">\n\t\t\t\t\t\t\t\t\t\t\t<div class=\"sh-portfolio-overlay1-icon sh-table-cell\">\n\t\t\t\t\t\t\t\t\t\t\t\t<i class=\"icon-link\"><\/i>\n\t\t\t\t\t\t\t\t\t\t\t<\/div>\n\t\t\t\t\t\t\t\t\t\t\t<div class=\"sh-portfolio-overlay1-categories sh-table-cell\">\n\t\t\t\t\t\t\t\t\t\t\t\t<span class=\"sh-portfolio-category\">Ind\u00fastrias<\/span><span class=\"sh-whitespace-small\"><\/span><span class=\"sh-portfolio-category\">Sa\u00fade<\/span>\t\t\t\t\t\t\t\t\t\t\t<\/div>\n\t\t\t\t\t\t\t\t\t\t<\/div>\n\t\t\t\t\t\t\t\t\t<\/div>\n\t\t\t\t\t\t\t\t<\/div>\n\n\t\t\t\t\t\t\t\t\t\t\t\t\t\n\n\t\t\t\t\t\t\t\t\t\t\t<\/a>\n\t\t\t\t\t\n\n\t\t\t\t<\/div>\n\t\t\t\n\t\t\t\n\t\t\t\t<div class=\"sh-portfolio-content-container\">\n\t\t\t\t\t\t\t\t\t\t\t\t\t\t\t\t\t\t<a href=\"https:\/\/voice-interaction.com\/tmp-web\/br\/solutions\/ditado\/\">\n\t\t\t\t\t\t\t\t<h3 class=\"sh-portfolio-title\">\n\t\t\t\t\t\t\t\t\tDitado\t\t\t\t\t\t\t\t<\/h3>\n\t\t\t\t\t\t\t<\/a>\n\t\t\t\t\t\t\t\t\t\t\t\n\t\t\t\t\t<div class=\"sh-portfolio-description\">\n\t\t\t\t\t\tMaximize o seu tempo e esfor\u00e7o com um software\u00a0de ditado e transcri\u00e7\u00e3o que entende o que...\t\t\t\t\t<\/div>\n\t\t\t\t<\/div>\n\n\t\t\t\n\t\t\t\n\t\t\t\n\t\t<\/div>\n\t\n\t\t\n\t\t<div class=\"category-industrias-br category-media-br sh-portfolio-item sh-portfolio-default sh-portfolio-overlay-style-overlay3\">\n\n\t\t\t\t\t\t\t<div class=\"sh-portfolio-image\">\n\t\t\t\t\t<div class=\"sh-portfolio-image-position\">\n\t\t\t\t\t\t\t\t\t\t\t\t\t<img decoding=\"async\" class=\"sh-portfolio-img\" src=\"https:\/\/voice-interaction.com\/tmp-web\/wp-content\/uploads\/2017\/10\/voiceinteraction-markets-6-660x400.jpg\" alt=\"voiceinteraction-markets-6\" \/>\n\t\t\t\t\t\t\t\t\t\t\t<\/div>\n\n\t\t\t\t\t\n\t\t\t\t\t\t\t\t\t\t\t\t\t\t\t\t\t\t<a href=\"https:\/\/voice-interaction.com\/tmp-web\/br\/solutions\/televisao-e-midia\/\" class=\"sh-portfolio-overlay sh-portfolio-overlay3\">\n\t\t\t\t\t\t\t\t\t\t\t\n\t\t\t\t\t\t\t\t\t\t\t\t\t\n\t\t\t\t\t\t\t\t<div class=\"sh-portfolio-overlay3-data\">\n\t\t\t\t\t\t\t\t\t<div class=\"sh-portfolio-overlay3-title\">\n\t\t\t\t\t\t\t\t\t\tTelevis\u00e3o e M\u00eddia\t\t\t\t\t\t\t\t\t<\/div>\n\t\t\t\t\t\t\t\t\tSolu\u00e7\u00f5es tecnol\u00f3gicas inovadoras na \u00e1reas da legendagem, transcri\u00e7\u00e3o e anota\u00e7\u00e3o&hellip;\n\t\t\t\t\t\t\t\t\t<div class=\"sh-portfolio-overlay3-bar\">\n\t\t\t\t\t\t\t\t\t\t<div class=\"sh-table\">\n\t\t\t\t\t\t\t\t\t\t\t<div class=\"sh-portfolio-overlay1-icon sh-table-cell\">\n\t\t\t\t\t\t\t\t\t\t\t\t<i class=\"icon-link\"><\/i>\n\t\t\t\t\t\t\t\t\t\t\t<\/div>\n\t\t\t\t\t\t\t\t\t\t\t<div class=\"sh-portfolio-overlay1-categories sh-table-cell\">\n\t\t\t\t\t\t\t\t\t\t\t\t<span class=\"sh-portfolio-category\">Ind\u00fastrias<\/span><span class=\"sh-whitespace-small\"><\/span><span class=\"sh-portfolio-category\">Media<\/span>\t\t\t\t\t\t\t\t\t\t\t<\/div>\n\t\t\t\t\t\t\t\t\t\t<\/div>\n\t\t\t\t\t\t\t\t\t<\/div>\n\t\t\t\t\t\t\t\t<\/div>\n\n\t\t\t\t\t\t\t\t\t\t\t\t\t\n\n\t\t\t\t\t\t\t\t\t\t\t<\/a>\n\t\t\t\t\t\n\n\t\t\t\t<\/div>\n\t\t\t\n\t\t\t\n\t\t\t\t<div class=\"sh-portfolio-content-container\">\n\t\t\t\t\t\t\t\t\t\t\t\t\t\t\t\t\t\t<a href=\"https:\/\/voice-interaction.com\/tmp-web\/br\/solutions\/transcricao-automatica\/\">\n\t\t\t\t\t\t\t\t<h3 class=\"sh-portfolio-title\">\n\t\t\t\t\t\t\t\t\tTranscri\u00e7\u00e3o Autom\u00e1tica\t\t\t\t\t\t\t\t<\/h3>\n\t\t\t\t\t\t\t<\/a>\n\t\t\t\t\t\t\t\t\t\t\t\n\t\t\t\t\t<div class=\"sh-portfolio-description\">\n\t\t\t\t\t\tTransforme seus arquivos audiovisuais em documentos textuais, de forma r\u00e1pida, rigorosa e autom\u00e1tica.\u00a0 O AUDIMUS.SERVER produz...\t\t\t\t\t<\/div>\n\t\t\t\t<\/div>\n\n\t\t\t\n\t\t\t\n\t\t\t\n\t\t<\/div>\n\t<\/div>\n\t<\/div>\n\n\n\t\t\n\n<\/div>\n<\/div>\n\n\t<\/div>\n<\/section>\n\n","protected":false},"excerpt":{"rendered":"<p>Transforme seus arquivos audiovisuais em documentos textuais, de forma r\u00e1pida, rigorosa e autom\u00e1tica.\u00a0 O AUDIMUS.SERVER produz&#8230;<\/p>\n","protected":false},"author":2,"featured_media":0,"parent":0,"menu_order":0,"comment_status":"closed","ping_status":"closed","template":"","meta":{"_links_to":"","_links_to_target":"","footnotes":""},"class_list":["post-10675","page","type-page","status-publish","hentry"],"_links":{"self":[{"href":"https:\/\/voice-interaction.com\/tmp-web\/br\/wp-json\/wp\/v2\/pages\/10675","targetHints":{"allow":["GET"]}}],"collection":[{"href":"https:\/\/voice-interaction.com\/tmp-web\/br\/wp-json\/wp\/v2\/pages"}],"about":[{"href":"https:\/\/voice-interaction.com\/tmp-web\/br\/wp-json\/wp\/v2\/types\/page"}],"author":[{"embeddable":true,"href":"https:\/\/voice-interaction.com\/tmp-web\/br\/wp-json\/wp\/v2\/users\/2"}],"replies":[{"embeddable":true,"href":"https:\/\/voice-interaction.com\/tmp-web\/br\/wp-json\/wp\/v2\/comments?post=10675"}],"version-history":[{"count":2,"href":"https:\/\/voice-interaction.com\/tmp-web\/br\/wp-json\/wp\/v2\/pages\/10675\/revisions"}],"predecessor-version":[{"id":15526,"href":"https:\/\/voice-interaction.com\/tmp-web\/br\/wp-json\/wp\/v2\/pages\/10675\/revisions\/15526"}],"wp:attachment":[{"href":"https:\/\/voice-interaction.com\/tmp-web\/br\/wp-json\/wp\/v2\/media?parent=10675"}],"curies":[{"name":"wp","href":"https:\/\/api.w.org\/{rel}","templated":true}]}}